{"id":72,"date":"2020-07-01T09:01:54","date_gmt":"2020-07-01T09:01:54","guid":{"rendered":"http:\/\/geo-mint-grafik.de\/?page_id=72"},"modified":"2020-07-02T08:09:28","modified_gmt":"2020-07-02T08:09:28","slug":"schemazeichnungen","status":"publish","type":"page","link":"https:\/\/geo-mint-grafik.de\/?page_id=72","title":{"rendered":"Schemazeichnungen"},"content":{"rendered":"\n<p>Schemazeichnungen k\u00f6nnen Sachzusammenh\u00e4nge auf ihre zentralen Aussagen reduzieren, k\u00f6nnen aber ebenso auch komplexe Sachverhalte wie z. B. Prozessabl\u00e4ufe in ihrem Kontext anschaulich machen. <\/p>\n\n\n\n<p>Glaziale Morphodynamik \u2013 Formen und Formenschatz:<\/p>\n\n\n\n<figure class=\"wp-block-image\"><img loading=\"lazy\" decoding=\"async\" width=\"624\" height=\"414\" src=\"http:\/\/geo-mint-grafik.de\/wp-content\/uploads\/2020\/07\/Glazialer_Formenschatz_Bsp-1.jpg\" alt=\"\" class=\"wp-image-368\" srcset=\"https:\/\/geo-mint-grafik.de\/wp-content\/uploads\/2020\/07\/Glazialer_Formenschatz_Bsp-1.jpg 624w, https:\/\/geo-mint-grafik.de\/wp-content\/uploads\/2020\/07\/Glazialer_Formenschatz_Bsp-1-300x199.jpg 300w\" sizes=\"auto, (max-width: 624px) 100vw, 624px\" \/><\/figure>\n","protected":false},"excerpt":{"rendered":"<p>Schemazeichnungen k\u00f6nnen Sachzusammenh\u00e4nge auf ihre zentralen Aussagen reduzieren, k\u00f6nnen aber ebenso auch komplexe Sachverhalte wie z. B. Prozessabl\u00e4ufe in ihrem Kontext anschaulich machen. Glaziale Morphodynamik \u2013 Formen und Formenschatz:<\/p>\n","protected":false},"author":1,"featured_media":0,"parent":0,"menu_order":0,"comment_status":"closed","ping_status":"closed","template":"","meta":{"footnotes":""},"class_list":["post-72","page","type-page","status-publish","hentry"],"yoast_head":"<!-- This site is optimized with the Yoast SEO plugin v14.5 - https:\/\/yoast.com\/wordpress\/plugins\/seo\/ -->\n<title>Schemazeichnungen - geo-mint-grafik<\/title>\n<meta name=\"robots\" content=\"index, follow\" \/>\n<meta name=\"googlebot\" content=\"index, follow, max-snippet:-1, max-image-preview:large, max-video-preview:-1\" \/>\n<meta name=\"bingbot\" content=\"index, follow, max-snippet:-1, max-image-preview:large, max-video-preview:-1\" \/>\n<link rel=\"canonical\" href=\"http:\/\/geo-mint-grafik.de\/?page_id=72\" \/>\n<meta property=\"og:locale\" content=\"de_DE\" \/>\n<meta property=\"og:type\" content=\"article\" \/>\n<meta property=\"og:title\" content=\"Schemazeichnungen - geo-mint-grafik\" \/>\n<meta property=\"og:description\" content=\"Schemazeichnungen k\u00f6nnen Sachzusammenh\u00e4nge auf ihre zentralen Aussagen reduzieren, k\u00f6nnen aber ebenso auch komplexe Sachverhalte wie z. B. Prozessabl\u00e4ufe in ihrem Kontext anschaulich machen. Glaziale Morphodynamik \u2013 Formen und Formenschatz:\" \/>\n<meta property=\"og:url\" content=\"http:\/\/geo-mint-grafik.de\/?page_id=72\" \/>\n<meta property=\"og:site_name\" content=\"geo-mint-grafik\" \/>\n<meta property=\"article:modified_time\" content=\"2020-07-02T08:09:28+00:00\" \/>\n<meta property=\"og:image\" content=\"http:\/\/geo-mint-grafik.de\/wp-content\/uploads\/2020\/07\/Glazialer_Formenschatz_Bsp-1.jpg\" \/>\n<meta name=\"twitter:card\" content=\"summary_large_image\" \/>\n<script type=\"application\/ld+json\" class=\"yoast-schema-graph\">{\"@context\":\"https:\/\/schema.org\",\"@graph\":[{\"@type\":\"WebSite\",\"@id\":\"https:\/\/geo-mint-grafik.de\/#website\",\"url\":\"https:\/\/geo-mint-grafik.de\/\",\"name\":\"geo-mint-grafik\",\"description\":\"Der leichtere Weg zur anschaulichen Publikation\",\"potentialAction\":[{\"@type\":\"SearchAction\",\"target\":\"https:\/\/geo-mint-grafik.de\/?s={search_term_string}\",\"query-input\":\"required name=search_term_string\"}],\"inLanguage\":\"de\"},{\"@type\":\"ImageObject\",\"@id\":\"http:\/\/geo-mint-grafik.de\/?page_id=72#primaryimage\",\"inLanguage\":\"de\",\"url\":\"http:\/\/geo-mint-grafik.de\/wp-content\/uploads\/2020\/07\/Glazialer_Formenschatz_Bsp-1.jpg\"},{\"@type\":\"WebPage\",\"@id\":\"http:\/\/geo-mint-grafik.de\/?page_id=72#webpage\",\"url\":\"http:\/\/geo-mint-grafik.de\/?page_id=72\",\"name\":\"Schemazeichnungen - geo-mint-grafik\",\"isPartOf\":{\"@id\":\"https:\/\/geo-mint-grafik.de\/#website\"},\"primaryImageOfPage\":{\"@id\":\"http:\/\/geo-mint-grafik.de\/?page_id=72#primaryimage\"},\"datePublished\":\"2020-07-01T09:01:54+00:00\",\"dateModified\":\"2020-07-02T08:09:28+00:00\",\"inLanguage\":\"de\",\"potentialAction\":[{\"@type\":\"ReadAction\",\"target\":[\"http:\/\/geo-mint-grafik.de\/?page_id=72\"]}]}]}<\/script>\n<!-- \/ Yoast SEO plugin. -->","_links":{"self":[{"href":"https:\/\/geo-mint-grafik.de\/index.php?rest_route=\/wp\/v2\/pages\/72","targetHints":{"allow":["GET"]}}],"collection":[{"href":"https:\/\/geo-mint-grafik.de\/index.php?rest_route=\/wp\/v2\/pages"}],"about":[{"href":"https:\/\/geo-mint-grafik.de\/index.php?rest_route=\/wp\/v2\/types\/page"}],"author":[{"embeddable":true,"href":"https:\/\/geo-mint-grafik.de\/index.php?rest_route=\/wp\/v2\/users\/1"}],"replies":[{"embeddable":true,"href":"https:\/\/geo-mint-grafik.de\/index.php?rest_route=%2Fwp%2Fv2%2Fcomments&post=72"}],"version-history":[{"count":4,"href":"https:\/\/geo-mint-grafik.de\/index.php?rest_route=\/wp\/v2\/pages\/72\/revisions"}],"predecessor-version":[{"id":369,"href":"https:\/\/geo-mint-grafik.de\/index.php?rest_route=\/wp\/v2\/pages\/72\/revisions\/369"}],"wp:attachment":[{"href":"https:\/\/geo-mint-grafik.de\/index.php?rest_route=%2Fwp%2Fv2%2Fmedia&parent=72"}],"curies":[{"name":"wp","href":"https:\/\/api.w.org\/{rel}","templated":true}]}}