{"id":70,"date":"2020-07-01T09:01:38","date_gmt":"2020-07-01T09:01:38","guid":{"rendered":"http:\/\/geo-mint-grafik.de\/?page_id=70"},"modified":"2020-07-02T08:08:06","modified_gmt":"2020-07-02T08:08:06","slug":"profilzeichnungen","status":"publish","type":"page","link":"https:\/\/geo-mint-grafik.de\/?page_id=70","title":{"rendered":"Profilzeichnungen"},"content":{"rendered":"\n<p>Insbesondere in den Geowissenschaften ist das Profil ein \u201eKlassiker\u201c f\u00fcr die Veranschaulichung von Strukturen und Ph\u00e4nomenen. Ob H\u00f6henprofil, Landschaftsprofil oder geologisches Profil, Profile lassen Strukturen im L\u00e4ngs- oder Querschnitt besonders gut erkennen.<\/p>\n\n\n\n<p>Schematisches geologisches Profil durch das Watt vor der Nordseek\u00fcste:<\/p>\n\n\n\n<figure class=\"wp-block-image\"><img loading=\"lazy\" decoding=\"async\" width=\"624\" height=\"380\" src=\"http:\/\/geo-mint-grafik.de\/wp-content\/uploads\/2020\/07\/Profil_Watt_Bsp-1.jpg\" alt=\"\" class=\"wp-image-361\" srcset=\"https:\/\/geo-mint-grafik.de\/wp-content\/uploads\/2020\/07\/Profil_Watt_Bsp-1.jpg 624w, https:\/\/geo-mint-grafik.de\/wp-content\/uploads\/2020\/07\/Profil_Watt_Bsp-1-300x183.jpg 300w\" sizes=\"auto, (max-width: 624px) 100vw, 624px\" \/><\/figure>\n\n\n\n<p>Vereinfachtes geologisches Profil f\u00fcr die Inseln Lipari und Vulcano:<\/p>\n\n\n\n<figure class=\"wp-block-image\"><img loading=\"lazy\" decoding=\"async\" width=\"624\" height=\"439\" src=\"http:\/\/geo-mint-grafik.de\/wp-content\/uploads\/2020\/07\/Profil_Lipari_Vulcano_Bsp-1.jpg\" alt=\"\" class=\"wp-image-363\" srcset=\"https:\/\/geo-mint-grafik.de\/wp-content\/uploads\/2020\/07\/Profil_Lipari_Vulcano_Bsp-1.jpg 624w, https:\/\/geo-mint-grafik.de\/wp-content\/uploads\/2020\/07\/Profil_Lipari_Vulcano_Bsp-1-300x211.jpg 300w\" sizes=\"auto, (max-width: 624px) 100vw, 624px\" \/><\/figure>\n\n\n\n<p>Heimaey (Island) \u2013 der Aufbau der Insel an drei geologischen Profilen veranschaulicht:<\/p>\n\n\n\n<figure class=\"wp-block-image\"><img loading=\"lazy\" decoding=\"async\" width=\"624\" height=\"418\" src=\"http:\/\/geo-mint-grafik.de\/wp-content\/uploads\/2020\/07\/Profile_Heimaey_Bsp-1.jpg\" alt=\"\" class=\"wp-image-365\" srcset=\"https:\/\/geo-mint-grafik.de\/wp-content\/uploads\/2020\/07\/Profile_Heimaey_Bsp-1.jpg 624w, https:\/\/geo-mint-grafik.de\/wp-content\/uploads\/2020\/07\/Profile_Heimaey_Bsp-1-300x201.jpg 300w\" sizes=\"auto, (max-width: 624px) 100vw, 624px\" \/><\/figure>\n","protected":false},"excerpt":{"rendered":"<p>Insbesondere in den Geowissenschaften ist das Profil ein \u201eKlassiker\u201c f\u00fcr die Veranschaulichung von Strukturen und Ph\u00e4nomenen. Ob H\u00f6henprofil, Landschaftsprofil oder geologisches Profil, Profile lassen Strukturen im L\u00e4ngs- oder Querschnitt besonders gut erkennen. Schematisches geologisches Profil durch das Watt vor der Nordseek\u00fcste: Vereinfachtes geologisches Profil f\u00fcr die Inseln Lipari und Vulcano: Heimaey (Island) \u2013 der Aufbau &hellip; <\/p>\n<p class=\"link-more\"><a href=\"https:\/\/geo-mint-grafik.de\/?page_id=70\" class=\"more-link\"><span class=\"screen-reader-text\">\u201eProfilzeichnungen\u201c<\/span> weiterlesen<\/a><\/p>\n","protected":false},"author":1,"featured_media":0,"parent":0,"menu_order":0,"comment_status":"closed","ping_status":"closed","template":"","meta":{"footnotes":""},"class_list":["post-70","page","type-page","status-publish","hentry"],"yoast_head":"<!-- This site is optimized with the Yoast SEO plugin v14.5 - https:\/\/yoast.com\/wordpress\/plugins\/seo\/ -->\n<title>Profilzeichnungen - geo-mint-grafik<\/title>\n<meta name=\"robots\" content=\"index, follow\" \/>\n<meta name=\"googlebot\" content=\"index, follow, max-snippet:-1, max-image-preview:large, max-video-preview:-1\" \/>\n<meta name=\"bingbot\" content=\"index, follow, max-snippet:-1, max-image-preview:large, max-video-preview:-1\" \/>\n<link rel=\"canonical\" href=\"http:\/\/geo-mint-grafik.de\/?page_id=70\" \/>\n<meta property=\"og:locale\" content=\"de_DE\" \/>\n<meta property=\"og:type\" content=\"article\" \/>\n<meta property=\"og:title\" content=\"Profilzeichnungen - geo-mint-grafik\" \/>\n<meta property=\"og:description\" content=\"Insbesondere in den Geowissenschaften ist das Profil ein \u201eKlassiker\u201c f\u00fcr die Veranschaulichung von Strukturen und Ph\u00e4nomenen. Ob H\u00f6henprofil, Landschaftsprofil oder geologisches Profil, Profile lassen Strukturen im L\u00e4ngs- oder Querschnitt besonders gut erkennen. Schematisches geologisches Profil durch das Watt vor der Nordseek\u00fcste: Vereinfachtes geologisches Profil f\u00fcr die Inseln Lipari und Vulcano: Heimaey (Island) \u2013 der Aufbau &hellip; \u201eProfilzeichnungen\u201c weiterlesen\" \/>\n<meta property=\"og:url\" content=\"http:\/\/geo-mint-grafik.de\/?page_id=70\" \/>\n<meta property=\"og:site_name\" content=\"geo-mint-grafik\" \/>\n<meta property=\"article:modified_time\" content=\"2020-07-02T08:08:06+00:00\" \/>\n<meta property=\"og:image\" content=\"http:\/\/geo-mint-grafik.de\/wp-content\/uploads\/2020\/07\/Profil_Watt_Bsp-1.jpg\" \/>\n<meta name=\"twitter:card\" content=\"summary_large_image\" \/>\n<script type=\"application\/ld+json\" class=\"yoast-schema-graph\">{\"@context\":\"https:\/\/schema.org\",\"@graph\":[{\"@type\":\"WebSite\",\"@id\":\"https:\/\/geo-mint-grafik.de\/#website\",\"url\":\"https:\/\/geo-mint-grafik.de\/\",\"name\":\"geo-mint-grafik\",\"description\":\"Der leichtere Weg zur anschaulichen Publikation\",\"potentialAction\":[{\"@type\":\"SearchAction\",\"target\":\"https:\/\/geo-mint-grafik.de\/?s={search_term_string}\",\"query-input\":\"required name=search_term_string\"}],\"inLanguage\":\"de\"},{\"@type\":\"ImageObject\",\"@id\":\"http:\/\/geo-mint-grafik.de\/?page_id=70#primaryimage\",\"inLanguage\":\"de\",\"url\":\"http:\/\/geo-mint-grafik.de\/wp-content\/uploads\/2020\/07\/Profil_Watt_Bsp-1.jpg\"},{\"@type\":\"WebPage\",\"@id\":\"http:\/\/geo-mint-grafik.de\/?page_id=70#webpage\",\"url\":\"http:\/\/geo-mint-grafik.de\/?page_id=70\",\"name\":\"Profilzeichnungen - geo-mint-grafik\",\"isPartOf\":{\"@id\":\"https:\/\/geo-mint-grafik.de\/#website\"},\"primaryImageOfPage\":{\"@id\":\"http:\/\/geo-mint-grafik.de\/?page_id=70#primaryimage\"},\"datePublished\":\"2020-07-01T09:01:38+00:00\",\"dateModified\":\"2020-07-02T08:08:06+00:00\",\"inLanguage\":\"de\",\"potentialAction\":[{\"@type\":\"ReadAction\",\"target\":[\"http:\/\/geo-mint-grafik.de\/?page_id=70\"]}]}]}<\/script>\n<!-- \/ Yoast SEO plugin. -->","_links":{"self":[{"href":"https:\/\/geo-mint-grafik.de\/index.php?rest_route=\/wp\/v2\/pages\/70","targetHints":{"allow":["GET"]}}],"collection":[{"href":"https:\/\/geo-mint-grafik.de\/index.php?rest_route=\/wp\/v2\/pages"}],"about":[{"href":"https:\/\/geo-mint-grafik.de\/index.php?rest_route=\/wp\/v2\/types\/page"}],"author":[{"embeddable":true,"href":"https:\/\/geo-mint-grafik.de\/index.php?rest_route=\/wp\/v2\/users\/1"}],"replies":[{"embeddable":true,"href":"https:\/\/geo-mint-grafik.de\/index.php?rest_route=%2Fwp%2Fv2%2Fcomments&post=70"}],"version-history":[{"count":3,"href":"https:\/\/geo-mint-grafik.de\/index.php?rest_route=\/wp\/v2\/pages\/70\/revisions"}],"predecessor-version":[{"id":366,"href":"https:\/\/geo-mint-grafik.de\/index.php?rest_route=\/wp\/v2\/pages\/70\/revisions\/366"}],"wp:attachment":[{"href":"https:\/\/geo-mint-grafik.de\/index.php?rest_route=%2Fwp%2Fv2%2Fmedia&parent=70"}],"curies":[{"name":"wp","href":"https:\/\/api.w.org\/{rel}","templated":true}]}}