{"id":32,"date":"2020-07-01T08:53:30","date_gmt":"2020-07-01T08:53:30","guid":{"rendered":"http:\/\/geo-mint-grafik.de\/?page_id=32"},"modified":"2024-04-11T16:09:55","modified_gmt":"2024-04-11T16:09:55","slug":"ueber-geo-mint-grafik","status":"publish","type":"page","link":"https:\/\/geo-mint-grafik.de\/?page_id=32","title":{"rendered":"\u00dcber geo-mint-grafik"},"content":{"rendered":"\n<p><strong>geo-mint-grafik<\/strong> ist ein so genanntes Kleinunternehmen. Es wird nicht \u201eam Flie\u00dfband\u201c produziert. Vielmehr werden Auftr\u00e4ge immer in enger Absprache und nach den individuellen W\u00fcnschen des Auftraggebers bearbeitet.<\/p>\n\n\n\n<div class=\"wp-block-image\"><figure class=\"aligncenter size-large is-resized\"><img loading=\"lazy\" decoding=\"async\" src=\"https:\/\/geo-mint-grafik.de\/wp-content\/uploads\/2024\/04\/Wolfgang_rund.png\" alt=\"\" class=\"wp-image-553\" width=\"126\" height=\"126\" srcset=\"https:\/\/geo-mint-grafik.de\/wp-content\/uploads\/2024\/04\/Wolfgang_rund.png 503w, https:\/\/geo-mint-grafik.de\/wp-content\/uploads\/2024\/04\/Wolfgang_rund-300x300.png 300w, https:\/\/geo-mint-grafik.de\/wp-content\/uploads\/2024\/04\/Wolfgang_rund-150x150.png 150w, https:\/\/geo-mint-grafik.de\/wp-content\/uploads\/2024\/04\/Wolfgang_rund-100x100.png 100w\" sizes=\"auto, (max-width: 126px) 100vw, 126px\" \/><figcaption>Wolfgang Fraedrich<\/figcaption><\/figure><\/div>\n\n\n\n<p>Wolfgang Fraedrich ist ausgebildeter Gymnasiallehrer, unterrichtet Geographie und Geologie und hat auch wiederholt Wahlpflichtkurse im Bereich Mediendesign unterrichtet Er begleitet und betreut Sch\u00fclerinnen und Sch\u00fcler zudem bei naturwissenschaftlichen Forschungsprojekten. Er ist daher auch Mitarbeiter im <a href=\"https:\/\/sfz-hamburg.de\/\">Sch\u00fclerforschungszentrum Hamburg<\/a>, ist dort im Bereich Projektbetreuung und Koordination von Kooperationsveranstaltungen t\u00e4tig.<\/p>\n\n\n\n<p>Er ist seit mehreren Jahrzehnten Mitherausgeber der fachdidaktischen Zeitschrift <a href=\"https:\/\/www.friedrich-verlag.de\/geographie\/geographie-heute\/\">geographie heute<\/a> und hat dort mehrere hundert fachdidaktische Beitr\u00e4ge publiziert.<\/p>\n\n\n\n<p>Hier einige Beispiele f\u00fcr die in den letzten Jahren moderierten Ausgaben:<\/p>\n\n\n\n<div class=\"wp-block-columns is-layout-flex wp-container-core-columns-is-layout-9d6595d7 wp-block-columns-is-layout-flex\">\n<div class=\"wp-block-column is-layout-flow wp-block-column-is-layout-flow\">\n<figure class=\"wp-block-image size-large\"><a href=\"https:\/\/www.friedrich-verlag.de\/shop\/trockenraeume-ps1421332\"><img loading=\"lazy\" decoding=\"async\" width=\"170\" height=\"258\" src=\"http:\/\/geo-mint-grafik.de\/wp-content\/uploads\/2020\/07\/332_H.jpg\" alt=\"\" class=\"wp-image-446\"\/><\/a><\/figure>\n<\/div>\n\n\n\n<div class=\"wp-block-column is-layout-flow wp-block-column-is-layout-flow\">\n<figure class=\"wp-block-image size-large\"><a href=\"https:\/\/www.friedrich-verlag.de\/shop\/weltmeer-ps1421341\"><img loading=\"lazy\" decoding=\"async\" width=\"170\" height=\"258\" src=\"http:\/\/geo-mint-grafik.de\/wp-content\/uploads\/2020\/07\/341_H.jpg\" alt=\"\" class=\"wp-image-447\"\/><\/a><\/figure>\n<\/div>\n\n\n\n<div class=\"wp-block-column is-layout-flow wp-block-column-is-layout-flow\">\n<figure class=\"wp-block-image size-large\"><a href=\"https:\/\/www.friedrich-verlag.de\/shop\/metropolen-ps1421345\"><img loading=\"lazy\" decoding=\"async\" width=\"170\" height=\"258\" src=\"http:\/\/geo-mint-grafik.de\/wp-content\/uploads\/2020\/07\/345_H.jpg\" alt=\"\" class=\"wp-image-448\"\/><\/a><\/figure>\n<\/div>\n<\/div>\n\n\n\n<p>Ebenso ist er seit mehreren Jahrzehnten als Schul- und Sachbuchautor im Bereich der Geowissenschaften t\u00e4tig. <\/p>\n\n\n\n<div class=\"wp-block-columns is-layout-flex wp-container-core-columns-is-layout-9d6595d7 wp-block-columns-is-layout-flex\">\n<div class=\"wp-block-column is-layout-flow wp-block-column-is-layout-flow\">\n<figure class=\"wp-block-image size-large\"><a href=\"https:\/\/www.springer.com\/de\/book\/9783662462591\"><img loading=\"lazy\" decoding=\"async\" width=\"170\" height=\"258\" src=\"http:\/\/geo-mint-grafik.de\/wp-content\/uploads\/2020\/07\/Cover_Eiszeit.jpg\" alt=\"\" class=\"wp-image-443\"\/><\/a><\/figure>\n<\/div>\n\n\n\n<div class=\"wp-block-column is-layout-flow wp-block-column-is-layout-flow\">\n<figure class=\"wp-block-image size-large\"><a href=\"https:\/\/www.springer.com\/de\/book\/9783319908625\"><img loading=\"lazy\" decoding=\"async\" width=\"170\" height=\"258\" src=\"http:\/\/geo-mint-grafik.de\/wp-content\/uploads\/2020\/07\/Cover_Iceland.jpg\" alt=\"\" class=\"wp-image-444\"\/><\/a><\/figure>\n<\/div>\n\n\n\n<div class=\"wp-block-column is-layout-flow wp-block-column-is-layout-flow\">\n<figure class=\"wp-block-image size-large\"><a href=\"https:\/\/www.springer.com\/gp\/book\/9783662620991\"><img loading=\"lazy\" decoding=\"async\" width=\"170\" height=\"258\" src=\"http:\/\/geo-mint-grafik.de\/wp-content\/uploads\/2020\/07\/Cover_Helgoland.jpg\" alt=\"\" class=\"wp-image-445\"\/><\/a><\/figure>\n<\/div>\n<\/div>\n\n\n\n<p>Er wei\u00df daher um die Bedeutung der Veranschaulichung von Inhalten mit aussagekr\u00e4ftigen und vom Design her \u00fcberzeugenden Grafiken.<\/p>\n\n\n\n<p>Erst eine \u00fcberzeugende Grafikgestaltung vermag den im Text angesprochenen Inhalt wirklich zu transportieren und \u201eim Kopf zu verankern\u201c.<\/p>\n\n\n\n<p>Er verf\u00fcgt \u00fcber reichhaltige Erfahrung bei der Erstellung von Vektorgrafiken f\u00fcr den gesamten MINT-Bereich.<\/p>\n\n\n\n<p>Ob einfaches Piktogramm, Logo, Diagramm, Schemazeichnung, Blockbild oder Karte \u2013 die Bandbreite an Darstellungsm\u00f6glichkeiten ist vielf\u00e4ltig. Je besser die Vorlage durchdacht ist, umso \u00fcberzeugender wird das Endprodukt. <\/p>\n","protected":false},"excerpt":{"rendered":"<p>geo-mint-grafik ist ein so genanntes Kleinunternehmen. Es wird nicht \u201eam Flie\u00dfband\u201c produziert. Vielmehr werden Auftr\u00e4ge immer in enger Absprache und nach den individuellen W\u00fcnschen des Auftraggebers bearbeitet. Wolfgang Fraedrich ist ausgebildeter Gymnasiallehrer, unterrichtet Geographie und Geologie und hat auch wiederholt Wahlpflichtkurse im Bereich Mediendesign unterrichtet Er begleitet und betreut Sch\u00fclerinnen und Sch\u00fcler zudem bei naturwissenschaftlichen &hellip; <\/p>\n<p class=\"link-more\"><a href=\"https:\/\/geo-mint-grafik.de\/?page_id=32\" class=\"more-link\"><span class=\"screen-reader-text\">\u201e\u00dcber geo-mint-grafik\u201c<\/span> weiterlesen<\/a><\/p>\n","protected":false},"author":1,"featured_media":0,"parent":0,"menu_order":0,"comment_status":"closed","ping_status":"closed","template":"","meta":{"footnotes":""},"class_list":["post-32","page","type-page","status-publish","hentry"],"yoast_head":"<!-- This site is optimized with the Yoast SEO plugin v14.5 - https:\/\/yoast.com\/wordpress\/plugins\/seo\/ -->\n<title>\u00dcber geo-mint-grafik - geo-mint-grafik<\/title>\n<meta name=\"robots\" content=\"index, follow\" \/>\n<meta name=\"googlebot\" content=\"index, follow, max-snippet:-1, max-image-preview:large, max-video-preview:-1\" \/>\n<meta name=\"bingbot\" content=\"index, follow, max-snippet:-1, max-image-preview:large, max-video-preview:-1\" \/>\n<link rel=\"canonical\" href=\"https:\/\/geo-mint-grafik.de\/?page_id=32\" \/>\n<meta property=\"og:locale\" content=\"de_DE\" \/>\n<meta property=\"og:type\" content=\"article\" \/>\n<meta property=\"og:title\" content=\"\u00dcber geo-mint-grafik - geo-mint-grafik\" \/>\n<meta property=\"og:description\" content=\"geo-mint-grafik ist ein so genanntes Kleinunternehmen. Es wird nicht \u201eam Flie\u00dfband\u201c produziert. Vielmehr werden Auftr\u00e4ge immer in enger Absprache und nach den individuellen W\u00fcnschen des Auftraggebers bearbeitet. Wolfgang Fraedrich ist ausgebildeter Gymnasiallehrer, unterrichtet Geographie und Geologie und hat auch wiederholt Wahlpflichtkurse im Bereich Mediendesign unterrichtet Er begleitet und betreut Sch\u00fclerinnen und Sch\u00fcler zudem bei naturwissenschaftlichen &hellip; \u201e\u00dcber geo-mint-grafik\u201c weiterlesen\" \/>\n<meta property=\"og:url\" content=\"https:\/\/geo-mint-grafik.de\/?page_id=32\" \/>\n<meta property=\"og:site_name\" content=\"geo-mint-grafik\" \/>\n<meta property=\"article:modified_time\" content=\"2024-04-11T16:09:55+00:00\" \/>\n<meta property=\"og:image\" content=\"https:\/\/geo-mint-grafik.de\/wp-content\/uploads\/2024\/04\/Wolfgang_rund.png\" \/>\n<meta name=\"twitter:card\" content=\"summary_large_image\" \/>\n<script type=\"application\/ld+json\" class=\"yoast-schema-graph\">{\"@context\":\"https:\/\/schema.org\",\"@graph\":[{\"@type\":\"WebSite\",\"@id\":\"https:\/\/geo-mint-grafik.de\/#website\",\"url\":\"https:\/\/geo-mint-grafik.de\/\",\"name\":\"geo-mint-grafik\",\"description\":\"Der leichtere Weg zur anschaulichen Publikation\",\"potentialAction\":[{\"@type\":\"SearchAction\",\"target\":\"https:\/\/geo-mint-grafik.de\/?s={search_term_string}\",\"query-input\":\"required name=search_term_string\"}],\"inLanguage\":\"de\"},{\"@type\":\"ImageObject\",\"@id\":\"https:\/\/geo-mint-grafik.de\/?page_id=32#primaryimage\",\"inLanguage\":\"de\",\"url\":\"https:\/\/geo-mint-grafik.de\/wp-content\/uploads\/2024\/04\/Wolfgang_rund.png\",\"width\":503,\"height\":503},{\"@type\":\"WebPage\",\"@id\":\"https:\/\/geo-mint-grafik.de\/?page_id=32#webpage\",\"url\":\"https:\/\/geo-mint-grafik.de\/?page_id=32\",\"name\":\"\\u00dcber geo-mint-grafik - geo-mint-grafik\",\"isPartOf\":{\"@id\":\"https:\/\/geo-mint-grafik.de\/#website\"},\"primaryImageOfPage\":{\"@id\":\"https:\/\/geo-mint-grafik.de\/?page_id=32#primaryimage\"},\"datePublished\":\"2020-07-01T08:53:30+00:00\",\"dateModified\":\"2024-04-11T16:09:55+00:00\",\"inLanguage\":\"de\",\"potentialAction\":[{\"@type\":\"ReadAction\",\"target\":[\"https:\/\/geo-mint-grafik.de\/?page_id=32\"]}]}]}<\/script>\n<!-- \/ Yoast SEO plugin. -->","_links":{"self":[{"href":"https:\/\/geo-mint-grafik.de\/index.php?rest_route=\/wp\/v2\/pages\/32","targetHints":{"allow":["GET"]}}],"collection":[{"href":"https:\/\/geo-mint-grafik.de\/index.php?rest_route=\/wp\/v2\/pages"}],"about":[{"href":"https:\/\/geo-mint-grafik.de\/index.php?rest_route=\/wp\/v2\/types\/page"}],"author":[{"embeddable":true,"href":"https:\/\/geo-mint-grafik.de\/index.php?rest_route=\/wp\/v2\/users\/1"}],"replies":[{"embeddable":true,"href":"https:\/\/geo-mint-grafik.de\/index.php?rest_route=%2Fwp%2Fv2%2Fcomments&post=32"}],"version-history":[{"count":13,"href":"https:\/\/geo-mint-grafik.de\/index.php?rest_route=\/wp\/v2\/pages\/32\/revisions"}],"predecessor-version":[{"id":554,"href":"https:\/\/geo-mint-grafik.de\/index.php?rest_route=\/wp\/v2\/pages\/32\/revisions\/554"}],"wp:attachment":[{"href":"https:\/\/geo-mint-grafik.de\/index.php?rest_route=%2Fwp%2Fv2%2Fmedia&parent=32"}],"curies":[{"name":"wp","href":"https:\/\/api.w.org\/{rel}","templated":true}]}}