{"id":27,"date":"2020-07-01T08:51:54","date_gmt":"2020-07-01T08:51:54","guid":{"rendered":"http:\/\/geo-mint-grafik.de\/?page_id=27"},"modified":"2024-04-11T15:18:57","modified_gmt":"2024-04-11T15:18:57","slug":"auftragsabwicklung","status":"publish","type":"page","link":"https:\/\/geo-mint-grafik.de\/?page_id=27","title":{"rendered":"Auftragsabwicklung"},"content":{"rendered":"\n<p>Sowohl f\u00fcr den Auftraggeber als auch f\u00fcr den Auftragnehmer sind m\u00f6glichst klare Absprachen die Grundlage f\u00fcr Effektivit\u00e4t, Zeitersparnis uns Kostenminimierung.<\/p>\n\n\n\n<p>Und so wird es erreicht:<\/p>\n\n\n\n<p><a href=\"http:\/\/geo-mint-grafik.de\/?page_id=130\">Ideengeber<\/a><\/p>\n\n\n\n<p><a href=\"http:\/\/geo-mint-grafik.de\/?page_id=168\">Absprachen<\/a><\/p>\n","protected":false},"excerpt":{"rendered":"<p>Sowohl f\u00fcr den Auftraggeber als auch f\u00fcr den Auftragnehmer sind m\u00f6glichst klare Absprachen die Grundlage f\u00fcr Effektivit\u00e4t, Zeitersparnis uns Kostenminimierung. Und so wird es erreicht: Ideengeber Absprachen<\/p>\n","protected":false},"author":1,"featured_media":0,"parent":0,"menu_order":0,"comment_status":"closed","ping_status":"closed","template":"","meta":{"footnotes":""},"class_list":["post-27","page","type-page","status-publish","hentry"],"yoast_head":"<!-- This site is optimized with the Yoast SEO plugin v14.5 - https:\/\/yoast.com\/wordpress\/plugins\/seo\/ -->\n<title>Auftragsabwicklung - geo-mint-grafik<\/title>\n<meta name=\"robots\" content=\"index, follow\" \/>\n<meta name=\"googlebot\" content=\"index, follow, max-snippet:-1, max-image-preview:large, max-video-preview:-1\" \/>\n<meta name=\"bingbot\" content=\"index, follow, max-snippet:-1, max-image-preview:large, max-video-preview:-1\" \/>\n<link rel=\"canonical\" href=\"https:\/\/geo-mint-grafik.de\/?page_id=27\" \/>\n<meta property=\"og:locale\" content=\"de_DE\" \/>\n<meta property=\"og:type\" content=\"article\" \/>\n<meta property=\"og:title\" content=\"Auftragsabwicklung - geo-mint-grafik\" \/>\n<meta property=\"og:description\" content=\"Sowohl f\u00fcr den Auftraggeber als auch f\u00fcr den Auftragnehmer sind m\u00f6glichst klare Absprachen die Grundlage f\u00fcr Effektivit\u00e4t, Zeitersparnis uns Kostenminimierung. Und so wird es erreicht: Ideengeber Absprachen\" \/>\n<meta property=\"og:url\" content=\"https:\/\/geo-mint-grafik.de\/?page_id=27\" \/>\n<meta property=\"og:site_name\" content=\"geo-mint-grafik\" \/>\n<meta property=\"article:modified_time\" content=\"2024-04-11T15:18:57+00:00\" \/>\n<meta name=\"twitter:card\" content=\"summary_large_image\" \/>\n<script type=\"application\/ld+json\" class=\"yoast-schema-graph\">{\"@context\":\"https:\/\/schema.org\",\"@graph\":[{\"@type\":\"WebSite\",\"@id\":\"https:\/\/geo-mint-grafik.de\/#website\",\"url\":\"https:\/\/geo-mint-grafik.de\/\",\"name\":\"geo-mint-grafik\",\"description\":\"Der leichtere Weg zur anschaulichen Publikation\",\"potentialAction\":[{\"@type\":\"SearchAction\",\"target\":\"https:\/\/geo-mint-grafik.de\/?s={search_term_string}\",\"query-input\":\"required name=search_term_string\"}],\"inLanguage\":\"de\"},{\"@type\":\"WebPage\",\"@id\":\"https:\/\/geo-mint-grafik.de\/?page_id=27#webpage\",\"url\":\"https:\/\/geo-mint-grafik.de\/?page_id=27\",\"name\":\"Auftragsabwicklung - geo-mint-grafik\",\"isPartOf\":{\"@id\":\"https:\/\/geo-mint-grafik.de\/#website\"},\"datePublished\":\"2020-07-01T08:51:54+00:00\",\"dateModified\":\"2024-04-11T15:18:57+00:00\",\"inLanguage\":\"de\",\"potentialAction\":[{\"@type\":\"ReadAction\",\"target\":[\"https:\/\/geo-mint-grafik.de\/?page_id=27\"]}]}]}<\/script>\n<!-- \/ Yoast SEO plugin. -->","_links":{"self":[{"href":"https:\/\/geo-mint-grafik.de\/index.php?rest_route=\/wp\/v2\/pages\/27","targetHints":{"allow":["GET"]}}],"collection":[{"href":"https:\/\/geo-mint-grafik.de\/index.php?rest_route=\/wp\/v2\/pages"}],"about":[{"href":"https:\/\/geo-mint-grafik.de\/index.php?rest_route=\/wp\/v2\/types\/page"}],"author":[{"embeddable":true,"href":"https:\/\/geo-mint-grafik.de\/index.php?rest_route=\/wp\/v2\/users\/1"}],"replies":[{"embeddable":true,"href":"https:\/\/geo-mint-grafik.de\/index.php?rest_route=%2Fwp%2Fv2%2Fcomments&post=27"}],"version-history":[{"count":8,"href":"https:\/\/geo-mint-grafik.de\/index.php?rest_route=\/wp\/v2\/pages\/27\/revisions"}],"predecessor-version":[{"id":539,"href":"https:\/\/geo-mint-grafik.de\/index.php?rest_route=\/wp\/v2\/pages\/27\/revisions\/539"}],"wp:attachment":[{"href":"https:\/\/geo-mint-grafik.de\/index.php?rest_route=%2Fwp%2Fv2%2Fmedia&parent=27"}],"curies":[{"name":"wp","href":"https:\/\/api.w.org\/{rel}","templated":true}]}}