{"id":233,"date":"2020-07-01T14:37:49","date_gmt":"2020-07-01T14:37:49","guid":{"rendered":"http:\/\/geo-mint-grafik.de\/?page_id=233"},"modified":"2020-07-02T07:43:39","modified_gmt":"2020-07-02T07:43:39","slug":"funktionsschemata","status":"publish","type":"page","link":"https:\/\/geo-mint-grafik.de\/?page_id=233","title":{"rendered":"Funktionsschemata"},"content":{"rendered":"\n<p>In verschiedensten Systemen \u2013 das kann ein \u00f6kologisches System ebenso sein wie ein Produktionssystem \u2013 stehen die einzelnen Komponenten miteinander in Beziehung bzw. sie beziehen sich aufeinander. <\/p>\n\n\n\n<p>Um die \u201eFunktionalit\u00e4t\u201c eines solchen Systems zu veranschaulichen, bieten sich Funktionsschemata an. Je nach Inhalt und Aussage gibt es eine gro\u00dfe Bandbreite an graphischen M\u00f6glichkeiten. So kann man mit Fl\u00e4chen, Linien verschiedener Kategorie, Symbolen, Textelementen u. v. a. arbeiten.<\/p>\n\n\n\n<p>Verinfachtes Funktionsschema des Systems Erde:<\/p>\n\n\n\n<figure class=\"wp-block-image\"><img loading=\"lazy\" decoding=\"async\" width=\"624\" height=\"505\" src=\"http:\/\/geo-mint-grafik.de\/wp-content\/uploads\/2020\/07\/System_Erde_Bsp-1.jpg\" alt=\"\" class=\"wp-image-320\" srcset=\"https:\/\/geo-mint-grafik.de\/wp-content\/uploads\/2020\/07\/System_Erde_Bsp-1.jpg 624w, https:\/\/geo-mint-grafik.de\/wp-content\/uploads\/2020\/07\/System_Erde_Bsp-1-300x243.jpg 300w\" sizes=\"auto, (max-width: 624px) 100vw, 624px\" \/><\/figure>\n","protected":false},"excerpt":{"rendered":"<p>In verschiedensten Systemen \u2013 das kann ein \u00f6kologisches System ebenso sein wie ein Produktionssystem \u2013 stehen die einzelnen Komponenten miteinander in Beziehung bzw. sie beziehen sich aufeinander. Um die \u201eFunktionalit\u00e4t\u201c eines solchen Systems zu veranschaulichen, bieten sich Funktionsschemata an. Je nach Inhalt und Aussage gibt es eine gro\u00dfe Bandbreite an graphischen M\u00f6glichkeiten. So kann man &hellip; <\/p>\n<p class=\"link-more\"><a href=\"https:\/\/geo-mint-grafik.de\/?page_id=233\" class=\"more-link\"><span class=\"screen-reader-text\">\u201eFunktionsschemata\u201c<\/span> weiterlesen<\/a><\/p>\n","protected":false},"author":1,"featured_media":0,"parent":0,"menu_order":0,"comment_status":"closed","ping_status":"closed","template":"","meta":{"footnotes":""},"class_list":["post-233","page","type-page","status-publish","hentry"],"yoast_head":"<!-- This site is optimized with the Yoast SEO plugin v14.5 - https:\/\/yoast.com\/wordpress\/plugins\/seo\/ -->\n<title>Funktionsschemata - geo-mint-grafik<\/title>\n<meta name=\"robots\" content=\"index, follow\" \/>\n<meta name=\"googlebot\" content=\"index, follow, max-snippet:-1, max-image-preview:large, max-video-preview:-1\" \/>\n<meta name=\"bingbot\" content=\"index, follow, max-snippet:-1, max-image-preview:large, max-video-preview:-1\" \/>\n<link rel=\"canonical\" href=\"http:\/\/geo-mint-grafik.de\/?page_id=233\" \/>\n<meta property=\"og:locale\" content=\"de_DE\" \/>\n<meta property=\"og:type\" content=\"article\" \/>\n<meta property=\"og:title\" content=\"Funktionsschemata - geo-mint-grafik\" \/>\n<meta property=\"og:description\" content=\"In verschiedensten Systemen \u2013 das kann ein \u00f6kologisches System ebenso sein wie ein Produktionssystem \u2013 stehen die einzelnen Komponenten miteinander in Beziehung bzw. sie beziehen sich aufeinander. Um die \u201eFunktionalit\u00e4t\u201c eines solchen Systems zu veranschaulichen, bieten sich Funktionsschemata an. Je nach Inhalt und Aussage gibt es eine gro\u00dfe Bandbreite an graphischen M\u00f6glichkeiten. So kann man &hellip; \u201eFunktionsschemata\u201c weiterlesen\" \/>\n<meta property=\"og:url\" content=\"http:\/\/geo-mint-grafik.de\/?page_id=233\" \/>\n<meta property=\"og:site_name\" content=\"geo-mint-grafik\" \/>\n<meta property=\"article:modified_time\" content=\"2020-07-02T07:43:39+00:00\" \/>\n<meta property=\"og:image\" content=\"http:\/\/geo-mint-grafik.de\/wp-content\/uploads\/2020\/07\/System_Erde_Bsp-1.jpg\" \/>\n<meta name=\"twitter:card\" content=\"summary_large_image\" \/>\n<script type=\"application\/ld+json\" class=\"yoast-schema-graph\">{\"@context\":\"https:\/\/schema.org\",\"@graph\":[{\"@type\":\"WebSite\",\"@id\":\"https:\/\/geo-mint-grafik.de\/#website\",\"url\":\"https:\/\/geo-mint-grafik.de\/\",\"name\":\"geo-mint-grafik\",\"description\":\"Der leichtere Weg zur anschaulichen Publikation\",\"potentialAction\":[{\"@type\":\"SearchAction\",\"target\":\"https:\/\/geo-mint-grafik.de\/?s={search_term_string}\",\"query-input\":\"required name=search_term_string\"}],\"inLanguage\":\"de\"},{\"@type\":\"ImageObject\",\"@id\":\"http:\/\/geo-mint-grafik.de\/?page_id=233#primaryimage\",\"inLanguage\":\"de\",\"url\":\"http:\/\/geo-mint-grafik.de\/wp-content\/uploads\/2020\/07\/System_Erde_Bsp-1.jpg\"},{\"@type\":\"WebPage\",\"@id\":\"http:\/\/geo-mint-grafik.de\/?page_id=233#webpage\",\"url\":\"http:\/\/geo-mint-grafik.de\/?page_id=233\",\"name\":\"Funktionsschemata - geo-mint-grafik\",\"isPartOf\":{\"@id\":\"https:\/\/geo-mint-grafik.de\/#website\"},\"primaryImageOfPage\":{\"@id\":\"http:\/\/geo-mint-grafik.de\/?page_id=233#primaryimage\"},\"datePublished\":\"2020-07-01T14:37:49+00:00\",\"dateModified\":\"2020-07-02T07:43:39+00:00\",\"inLanguage\":\"de\",\"potentialAction\":[{\"@type\":\"ReadAction\",\"target\":[\"http:\/\/geo-mint-grafik.de\/?page_id=233\"]}]}]}<\/script>\n<!-- \/ Yoast SEO plugin. -->","_links":{"self":[{"href":"https:\/\/geo-mint-grafik.de\/index.php?rest_route=\/wp\/v2\/pages\/233","targetHints":{"allow":["GET"]}}],"collection":[{"href":"https:\/\/geo-mint-grafik.de\/index.php?rest_route=\/wp\/v2\/pages"}],"about":[{"href":"https:\/\/geo-mint-grafik.de\/index.php?rest_route=\/wp\/v2\/types\/page"}],"author":[{"embeddable":true,"href":"https:\/\/geo-mint-grafik.de\/index.php?rest_route=\/wp\/v2\/users\/1"}],"replies":[{"embeddable":true,"href":"https:\/\/geo-mint-grafik.de\/index.php?rest_route=%2Fwp%2Fv2%2Fcomments&post=233"}],"version-history":[{"count":2,"href":"https:\/\/geo-mint-grafik.de\/index.php?rest_route=\/wp\/v2\/pages\/233\/revisions"}],"predecessor-version":[{"id":321,"href":"https:\/\/geo-mint-grafik.de\/index.php?rest_route=\/wp\/v2\/pages\/233\/revisions\/321"}],"wp:attachment":[{"href":"https:\/\/geo-mint-grafik.de\/index.php?rest_route=%2Fwp%2Fv2%2Fmedia&parent=233"}],"curies":[{"name":"wp","href":"https:\/\/api.w.org\/{rel}","templated":true}]}}