{"id":2,"date":"2016-05-10T03:48:21","date_gmt":"2016-05-10T03:48:21","guid":{"rendered":"http:\/\/geo-mint-grafik.de\/?page_id=2"},"modified":"2024-04-11T15:49:55","modified_gmt":"2024-04-11T15:49:55","slug":"sample-page","status":"publish","type":"page","link":"https:\/\/geo-mint-grafik.de\/?page_id=2","title":{"rendered":"Beispiele"},"content":{"rendered":"\n<p>Inhalte k\u00f6nnen \u00fcber verschiedenste Grafiken veranschaulicht werden. Weiter unten sind zahlreiche Beispiele in alphabetischer Ordnung aufgelistet und verlinkt, um sich einen ersten Eindruck zu verschaffen.<\/p>\n\n\n\n<p>Allerdings sind die Grafikbeispiele hier meist nur als Bilddateien im jpg-Format mit geringer Aufl\u00f6sung dargestellt. Die letztlich gelieferte Qualit\u00e4t entspricht allen dann gew\u00fcnschten Erfordernissen. Dies kann an einem Beispiel, angelegt im DIN A4-Format und in Standardqualit\u00e4t (nicht hochwertig) gedruckt, <a href=\"https:\/\/geo-mint-grafik.de\/wp-content\/uploads\/2024\/04\/Erdgeschichte.pdf\">hier<\/a> gepr\u00fcft werden.<\/p>\n\n\n\n<p>Hier geht es nun zu einigen Beispielen:<\/p>\n\n\n\n<p><a href=\"http:\/\/geo-mint-grafik.de\/?page_id=115\">Blockbilder<\/a><br><a href=\"http:\/\/geo-mint-grafik.de\/?page_id=117\">Cluster<\/a><br><a href=\"http:\/\/geo-mint-grafik.de\/?page_id=119\">Designelemente<\/a><br><a href=\"http:\/\/geo-mint-grafik.de\/?page_id=105\">Diagramme<\/a><br><a href=\"http:\/\/geo-mint-grafik.de\/?page_id=233\">Funktionsschemata<\/a><br><a href=\"http:\/\/geo-mint-grafik.de\/?page_id=139\">Info-Grafiken<\/a><br><a href=\"http:\/\/geo-mint-grafik.de\/?page_id=141\">Karten<\/a><br><a href=\"http:\/\/geo-mint-grafik.de\/?page_id=60\">Kartogramme<\/a><br><a href=\"http:\/\/geo-mint-grafik.de\/?page_id=62\">Logos<\/a><br><a href=\"http:\/\/geo-mint-grafik.de\/?page_id=246\">MindMaps<\/a><br><a href=\"http:\/\/geo-mint-grafik.de\/?page_id=249\">Modellzeichnungen<\/a><br><a href=\"http:\/\/geo-mint-grafik.de\/?page_id=68\">Piktogramme<\/a><br><a href=\"http:\/\/geo-mint-grafik.de\/?page_id=70\">Profilzeichnungen<\/a><br><a href=\"http:\/\/geo-mint-grafik.de\/?page_id=72\">Schemazeichnungen<\/a><br><a href=\"http:\/\/geo-mint-grafik.de\/?page_id=160\">Zeitleisten <\/a><\/p>\n","protected":false},"excerpt":{"rendered":"<p>Inhalte k\u00f6nnen \u00fcber verschiedenste Grafiken veranschaulicht werden. Weiter unten sind zahlreiche Beispiele in alphabetischer Ordnung aufgelistet und verlinkt, um sich einen ersten Eindruck zu verschaffen. Allerdings sind die Grafikbeispiele hier meist nur als Bilddateien im jpg-Format mit geringer Aufl\u00f6sung dargestellt. Die letztlich gelieferte Qualit\u00e4t entspricht allen dann gew\u00fcnschten Erfordernissen. Dies kann an einem Beispiel, angelegt &hellip; <\/p>\n<p class=\"link-more\"><a href=\"https:\/\/geo-mint-grafik.de\/?page_id=2\" class=\"more-link\"><span class=\"screen-reader-text\">\u201eBeispiele\u201c<\/span> weiterlesen<\/a><\/p>\n","protected":false},"author":1,"featured_media":0,"parent":0,"menu_order":0,"comment_status":"closed","ping_status":"open","template":"","meta":{"footnotes":""},"class_list":["post-2","page","type-page","status-publish","hentry"],"yoast_head":"<!-- This site is optimized with the Yoast SEO plugin v14.5 - https:\/\/yoast.com\/wordpress\/plugins\/seo\/ -->\n<title>Beispiele - geo-mint-grafik<\/title>\n<meta name=\"robots\" content=\"index, follow\" \/>\n<meta name=\"googlebot\" content=\"index, follow, max-snippet:-1, max-image-preview:large, max-video-preview:-1\" \/>\n<meta name=\"bingbot\" content=\"index, follow, max-snippet:-1, max-image-preview:large, max-video-preview:-1\" \/>\n<link rel=\"canonical\" href=\"https:\/\/geo-mint-grafik.de\/?page_id=2\" \/>\n<meta property=\"og:locale\" content=\"de_DE\" \/>\n<meta property=\"og:type\" content=\"article\" \/>\n<meta property=\"og:title\" content=\"Beispiele - geo-mint-grafik\" \/>\n<meta property=\"og:description\" content=\"Inhalte k\u00f6nnen \u00fcber verschiedenste Grafiken veranschaulicht werden. Weiter unten sind zahlreiche Beispiele in alphabetischer Ordnung aufgelistet und verlinkt, um sich einen ersten Eindruck zu verschaffen. Allerdings sind die Grafikbeispiele hier meist nur als Bilddateien im jpg-Format mit geringer Aufl\u00f6sung dargestellt. Die letztlich gelieferte Qualit\u00e4t entspricht allen dann gew\u00fcnschten Erfordernissen. Dies kann an einem Beispiel, angelegt &hellip; \u201eBeispiele\u201c weiterlesen\" \/>\n<meta property=\"og:url\" content=\"https:\/\/geo-mint-grafik.de\/?page_id=2\" \/>\n<meta property=\"og:site_name\" content=\"geo-mint-grafik\" \/>\n<meta property=\"article:modified_time\" content=\"2024-04-11T15:49:55+00:00\" \/>\n<meta name=\"twitter:card\" content=\"summary_large_image\" \/>\n<script type=\"application\/ld+json\" class=\"yoast-schema-graph\">{\"@context\":\"https:\/\/schema.org\",\"@graph\":[{\"@type\":\"WebSite\",\"@id\":\"https:\/\/geo-mint-grafik.de\/#website\",\"url\":\"https:\/\/geo-mint-grafik.de\/\",\"name\":\"geo-mint-grafik\",\"description\":\"Der leichtere Weg zur anschaulichen Publikation\",\"potentialAction\":[{\"@type\":\"SearchAction\",\"target\":\"https:\/\/geo-mint-grafik.de\/?s={search_term_string}\",\"query-input\":\"required name=search_term_string\"}],\"inLanguage\":\"de\"},{\"@type\":\"WebPage\",\"@id\":\"https:\/\/geo-mint-grafik.de\/?page_id=2#webpage\",\"url\":\"https:\/\/geo-mint-grafik.de\/?page_id=2\",\"name\":\"Beispiele - geo-mint-grafik\",\"isPartOf\":{\"@id\":\"https:\/\/geo-mint-grafik.de\/#website\"},\"datePublished\":\"2016-05-10T03:48:21+00:00\",\"dateModified\":\"2024-04-11T15:49:55+00:00\",\"inLanguage\":\"de\",\"potentialAction\":[{\"@type\":\"ReadAction\",\"target\":[\"https:\/\/geo-mint-grafik.de\/?page_id=2\"]}]}]}<\/script>\n<!-- \/ Yoast SEO plugin. -->","_links":{"self":[{"href":"https:\/\/geo-mint-grafik.de\/index.php?rest_route=\/wp\/v2\/pages\/2","targetHints":{"allow":["GET"]}}],"collection":[{"href":"https:\/\/geo-mint-grafik.de\/index.php?rest_route=\/wp\/v2\/pages"}],"about":[{"href":"https:\/\/geo-mint-grafik.de\/index.php?rest_route=\/wp\/v2\/types\/page"}],"author":[{"embeddable":true,"href":"https:\/\/geo-mint-grafik.de\/index.php?rest_route=\/wp\/v2\/users\/1"}],"replies":[{"embeddable":true,"href":"https:\/\/geo-mint-grafik.de\/index.php?rest_route=%2Fwp%2Fv2%2Fcomments&post=2"}],"version-history":[{"count":20,"href":"https:\/\/geo-mint-grafik.de\/index.php?rest_route=\/wp\/v2\/pages\/2\/revisions"}],"predecessor-version":[{"id":546,"href":"https:\/\/geo-mint-grafik.de\/index.php?rest_route=\/wp\/v2\/pages\/2\/revisions\/546"}],"wp:attachment":[{"href":"https:\/\/geo-mint-grafik.de\/index.php?rest_route=%2Fwp%2Fv2%2Fmedia&parent=2"}],"curies":[{"name":"wp","href":"https:\/\/api.w.org\/{rel}","templated":true}]}}