{"id":168,"date":"2020-07-01T10:19:03","date_gmt":"2020-07-01T10:19:03","guid":{"rendered":"http:\/\/geo-mint-grafik.de\/?page_id=168"},"modified":"2025-09-07T10:52:27","modified_gmt":"2025-09-07T10:52:27","slug":"absprachen-2","status":"publish","type":"page","link":"https:\/\/geo-mint-grafik.de\/?page_id=168","title":{"rendered":"Absprachen"},"content":{"rendered":"\n<p>Auftr\u00e4ge werden in der Regel auf der Grundlage schriftlicher Vereinbarungen durchgef\u00fchrt. Dies hat auch rechtliche Gr\u00fcnde, dient aber vor allem der Sicherheit f\u00fcr beide Vertragspartner. Kennen sich die Vertragspartner, sind m\u00fcndliche Absprachen meist der schnellere Weg.<\/p>\n\n\n\n<p>Grunds\u00e4tzlich gilt: Individuelle Absprachen sind nicht nur m\u00f6glich, sie sind sogar erforderlich f\u00fcr die Optimierung des Endprodukts.<\/p>\n\n\n\n<p>Der Auftraggeber liefert Vorlagen und \u00e4u\u00dfert Idee. Je konkreter die Vorgaben, desto effektiver ist das Erstellen der Grafik. Auf Wunsch macht <strong>geo-mint-grafik<\/strong> ein kostenloses Angebot.<\/p>\n\n\n\n<p>Hat der\nAuftraggeber selbst Vorgaben, z. B. durch einen Verlag die Beachtung des\nSatzspiegels, Schriftvorgaben etc., ist es wichtig, diese mit in die Absprachen\neinzubeziehen, damit Zeit und Kosten damit eingespart werden.<\/p>\n","protected":false},"excerpt":{"rendered":"<p>Auftr\u00e4ge werden in der Regel auf der Grundlage schriftlicher Vereinbarungen durchgef\u00fchrt. Dies hat auch rechtliche Gr\u00fcnde, dient aber vor allem der Sicherheit f\u00fcr beide Vertragspartner. Kennen sich die Vertragspartner, sind m\u00fcndliche Absprachen meist der schnellere Weg. Grunds\u00e4tzlich gilt: Individuelle Absprachen sind nicht nur m\u00f6glich, sie sind sogar erforderlich f\u00fcr die Optimierung des Endprodukts. Der Auftraggeber &hellip; <\/p>\n<p class=\"link-more\"><a href=\"https:\/\/geo-mint-grafik.de\/?page_id=168\" class=\"more-link\"><span class=\"screen-reader-text\">\u201eAbsprachen\u201c<\/span> weiterlesen<\/a><\/p>\n","protected":false},"author":1,"featured_media":0,"parent":0,"menu_order":0,"comment_status":"closed","ping_status":"closed","template":"","meta":{"footnotes":""},"class_list":["post-168","page","type-page","status-publish","hentry"],"yoast_head":"<!-- This site is optimized with the Yoast SEO plugin v14.5 - https:\/\/yoast.com\/wordpress\/plugins\/seo\/ -->\n<title>Absprachen - geo-mint-grafik<\/title>\n<meta name=\"robots\" content=\"index, follow\" \/>\n<meta name=\"googlebot\" content=\"index, follow, max-snippet:-1, max-image-preview:large, max-video-preview:-1\" \/>\n<meta name=\"bingbot\" content=\"index, follow, max-snippet:-1, max-image-preview:large, max-video-preview:-1\" \/>\n<link rel=\"canonical\" href=\"https:\/\/geo-mint-grafik.de\/?page_id=168\" \/>\n<meta property=\"og:locale\" content=\"de_DE\" \/>\n<meta property=\"og:type\" content=\"article\" \/>\n<meta property=\"og:title\" content=\"Absprachen - geo-mint-grafik\" \/>\n<meta property=\"og:description\" content=\"Auftr\u00e4ge werden in der Regel auf der Grundlage schriftlicher Vereinbarungen durchgef\u00fchrt. Dies hat auch rechtliche Gr\u00fcnde, dient aber vor allem der Sicherheit f\u00fcr beide Vertragspartner. Kennen sich die Vertragspartner, sind m\u00fcndliche Absprachen meist der schnellere Weg. Grunds\u00e4tzlich gilt: Individuelle Absprachen sind nicht nur m\u00f6glich, sie sind sogar erforderlich f\u00fcr die Optimierung des Endprodukts. Der Auftraggeber &hellip; \u201eAbsprachen\u201c weiterlesen\" \/>\n<meta property=\"og:url\" content=\"https:\/\/geo-mint-grafik.de\/?page_id=168\" \/>\n<meta property=\"og:site_name\" content=\"geo-mint-grafik\" \/>\n<meta property=\"article:modified_time\" content=\"2025-09-07T10:52:27+00:00\" \/>\n<meta name=\"twitter:card\" content=\"summary_large_image\" \/>\n<script type=\"application\/ld+json\" class=\"yoast-schema-graph\">{\"@context\":\"https:\/\/schema.org\",\"@graph\":[{\"@type\":\"WebSite\",\"@id\":\"https:\/\/geo-mint-grafik.de\/#website\",\"url\":\"https:\/\/geo-mint-grafik.de\/\",\"name\":\"geo-mint-grafik\",\"description\":\"Der leichtere Weg zur anschaulichen Publikation\",\"potentialAction\":[{\"@type\":\"SearchAction\",\"target\":\"https:\/\/geo-mint-grafik.de\/?s={search_term_string}\",\"query-input\":\"required name=search_term_string\"}],\"inLanguage\":\"de\"},{\"@type\":\"WebPage\",\"@id\":\"https:\/\/geo-mint-grafik.de\/?page_id=168#webpage\",\"url\":\"https:\/\/geo-mint-grafik.de\/?page_id=168\",\"name\":\"Absprachen - geo-mint-grafik\",\"isPartOf\":{\"@id\":\"https:\/\/geo-mint-grafik.de\/#website\"},\"datePublished\":\"2020-07-01T10:19:03+00:00\",\"dateModified\":\"2025-09-07T10:52:27+00:00\",\"inLanguage\":\"de\",\"potentialAction\":[{\"@type\":\"ReadAction\",\"target\":[\"https:\/\/geo-mint-grafik.de\/?page_id=168\"]}]}]}<\/script>\n<!-- \/ Yoast SEO plugin. -->","_links":{"self":[{"href":"https:\/\/geo-mint-grafik.de\/index.php?rest_route=\/wp\/v2\/pages\/168","targetHints":{"allow":["GET"]}}],"collection":[{"href":"https:\/\/geo-mint-grafik.de\/index.php?rest_route=\/wp\/v2\/pages"}],"about":[{"href":"https:\/\/geo-mint-grafik.de\/index.php?rest_route=\/wp\/v2\/types\/page"}],"author":[{"embeddable":true,"href":"https:\/\/geo-mint-grafik.de\/index.php?rest_route=\/wp\/v2\/users\/1"}],"replies":[{"embeddable":true,"href":"https:\/\/geo-mint-grafik.de\/index.php?rest_route=%2Fwp%2Fv2%2Fcomments&post=168"}],"version-history":[{"count":3,"href":"https:\/\/geo-mint-grafik.de\/index.php?rest_route=\/wp\/v2\/pages\/168\/revisions"}],"predecessor-version":[{"id":557,"href":"https:\/\/geo-mint-grafik.de\/index.php?rest_route=\/wp\/v2\/pages\/168\/revisions\/557"}],"wp:attachment":[{"href":"https:\/\/geo-mint-grafik.de\/index.php?rest_route=%2Fwp%2Fv2%2Fmedia&parent=168"}],"curies":[{"name":"wp","href":"https:\/\/api.w.org\/{rel}","templated":true}]}}