{"id":160,"date":"2020-07-01T10:08:07","date_gmt":"2020-07-01T10:08:07","guid":{"rendered":"http:\/\/geo-mint-grafik.de\/?page_id=160"},"modified":"2020-07-02T08:04:46","modified_gmt":"2020-07-02T08:04:46","slug":"zeitleisten","status":"publish","type":"page","link":"https:\/\/geo-mint-grafik.de\/?page_id=160","title":{"rendered":"Zeitleisten"},"content":{"rendered":"\n<p>Zeitleisten \u2013 auch Zeitstrahl oder Zeittafel genannt \u2013 sind ideal f\u00fcr die Veranschaulichung von Zeitr\u00e4umen oder von Abfolgen zeitlicher Ereignisse. Die Bandbreite an Variationsm\u00f6glichkeiten ist au\u00dferordentlich gro\u00df. Die Art der Gestaltung h\u00e4ngt ma\u00dfgeblich auch vom jeweiligen Thema und von den eingef\u00fcgten Inhalten ab.<\/p>\n\n\n\n<p>Die folgenden Beispiele zeigen eine kleine Auswahl.<\/p>\n\n\n\n<p>Die Erdgeschichte:<\/p>\n\n\n\n<figure class=\"wp-block-image\"><img loading=\"lazy\" decoding=\"async\" width=\"624\" height=\"989\" src=\"http:\/\/geo-mint-grafik.de\/wp-content\/uploads\/2020\/07\/Erdgeschichte_Bsp-1.jpg\" alt=\"\" class=\"wp-image-354\" srcset=\"https:\/\/geo-mint-grafik.de\/wp-content\/uploads\/2020\/07\/Erdgeschichte_Bsp-1.jpg 624w, https:\/\/geo-mint-grafik.de\/wp-content\/uploads\/2020\/07\/Erdgeschichte_Bsp-1-189x300.jpg 189w\" sizes=\"auto, (max-width: 624px) 100vw, 624px\" \/><\/figure>\n\n\n\n<p>Iceland \u2013 Earthquakles since 1600:<\/p>\n\n\n\n<figure class=\"wp-block-image\"><img loading=\"lazy\" decoding=\"async\" width=\"624\" height=\"692\" src=\"http:\/\/geo-mint-grafik.de\/wp-content\/uploads\/2020\/07\/Iceland_Earthquakes_Bsp-1.jpg\" alt=\"\" class=\"wp-image-356\" srcset=\"https:\/\/geo-mint-grafik.de\/wp-content\/uploads\/2020\/07\/Iceland_Earthquakes_Bsp-1.jpg 624w, https:\/\/geo-mint-grafik.de\/wp-content\/uploads\/2020\/07\/Iceland_Earthquakes_Bsp-1-271x300.jpg 271w\" sizes=\"auto, (max-width: 624px) 100vw, 624px\" \/><\/figure>\n\n\n\n<p>Stadtentwicklung von Wolfsburg:<\/p>\n\n\n\n<figure class=\"wp-block-image\"><img loading=\"lazy\" decoding=\"async\" width=\"624\" height=\"261\" src=\"http:\/\/geo-mint-grafik.de\/wp-content\/uploads\/2020\/07\/WOB_Zeitleiste_Bsp-1.jpg\" alt=\"\" class=\"wp-image-358\" srcset=\"https:\/\/geo-mint-grafik.de\/wp-content\/uploads\/2020\/07\/WOB_Zeitleiste_Bsp-1.jpg 624w, https:\/\/geo-mint-grafik.de\/wp-content\/uploads\/2020\/07\/WOB_Zeitleiste_Bsp-1-300x125.jpg 300w\" sizes=\"auto, (max-width: 624px) 100vw, 624px\" \/><\/figure>\n","protected":false},"excerpt":{"rendered":"<p>Zeitleisten \u2013 auch Zeitstrahl oder Zeittafel genannt \u2013 sind ideal f\u00fcr die Veranschaulichung von Zeitr\u00e4umen oder von Abfolgen zeitlicher Ereignisse. Die Bandbreite an Variationsm\u00f6glichkeiten ist au\u00dferordentlich gro\u00df. Die Art der Gestaltung h\u00e4ngt ma\u00dfgeblich auch vom jeweiligen Thema und von den eingef\u00fcgten Inhalten ab. Die folgenden Beispiele zeigen eine kleine Auswahl. Die Erdgeschichte: Iceland \u2013 Earthquakles &hellip; <\/p>\n<p class=\"link-more\"><a href=\"https:\/\/geo-mint-grafik.de\/?page_id=160\" class=\"more-link\"><span class=\"screen-reader-text\">\u201eZeitleisten\u201c<\/span> weiterlesen<\/a><\/p>\n","protected":false},"author":1,"featured_media":0,"parent":0,"menu_order":0,"comment_status":"closed","ping_status":"closed","template":"","meta":{"footnotes":""},"class_list":["post-160","page","type-page","status-publish","hentry"],"yoast_head":"<!-- This site is optimized with the Yoast SEO plugin v14.5 - https:\/\/yoast.com\/wordpress\/plugins\/seo\/ -->\n<title>Zeitleisten - geo-mint-grafik<\/title>\n<meta name=\"robots\" content=\"index, follow\" \/>\n<meta name=\"googlebot\" content=\"index, follow, max-snippet:-1, max-image-preview:large, max-video-preview:-1\" \/>\n<meta name=\"bingbot\" content=\"index, follow, max-snippet:-1, max-image-preview:large, max-video-preview:-1\" \/>\n<link rel=\"canonical\" href=\"http:\/\/geo-mint-grafik.de\/?page_id=160\" \/>\n<meta property=\"og:locale\" content=\"de_DE\" \/>\n<meta property=\"og:type\" content=\"article\" \/>\n<meta property=\"og:title\" content=\"Zeitleisten - geo-mint-grafik\" \/>\n<meta property=\"og:description\" content=\"Zeitleisten \u2013 auch Zeitstrahl oder Zeittafel genannt \u2013 sind ideal f\u00fcr die Veranschaulichung von Zeitr\u00e4umen oder von Abfolgen zeitlicher Ereignisse. Die Bandbreite an Variationsm\u00f6glichkeiten ist au\u00dferordentlich gro\u00df. Die Art der Gestaltung h\u00e4ngt ma\u00dfgeblich auch vom jeweiligen Thema und von den eingef\u00fcgten Inhalten ab. Die folgenden Beispiele zeigen eine kleine Auswahl. Die Erdgeschichte: Iceland \u2013 Earthquakles &hellip; \u201eZeitleisten\u201c weiterlesen\" \/>\n<meta property=\"og:url\" content=\"http:\/\/geo-mint-grafik.de\/?page_id=160\" \/>\n<meta property=\"og:site_name\" content=\"geo-mint-grafik\" \/>\n<meta property=\"article:modified_time\" content=\"2020-07-02T08:04:46+00:00\" \/>\n<meta property=\"og:image\" content=\"http:\/\/geo-mint-grafik.de\/wp-content\/uploads\/2020\/07\/Erdgeschichte_Bsp-1.jpg\" \/>\n<meta name=\"twitter:card\" content=\"summary_large_image\" \/>\n<script type=\"application\/ld+json\" class=\"yoast-schema-graph\">{\"@context\":\"https:\/\/schema.org\",\"@graph\":[{\"@type\":\"WebSite\",\"@id\":\"https:\/\/geo-mint-grafik.de\/#website\",\"url\":\"https:\/\/geo-mint-grafik.de\/\",\"name\":\"geo-mint-grafik\",\"description\":\"Der leichtere Weg zur anschaulichen Publikation\",\"potentialAction\":[{\"@type\":\"SearchAction\",\"target\":\"https:\/\/geo-mint-grafik.de\/?s={search_term_string}\",\"query-input\":\"required name=search_term_string\"}],\"inLanguage\":\"de\"},{\"@type\":\"ImageObject\",\"@id\":\"http:\/\/geo-mint-grafik.de\/?page_id=160#primaryimage\",\"inLanguage\":\"de\",\"url\":\"http:\/\/geo-mint-grafik.de\/wp-content\/uploads\/2020\/07\/Erdgeschichte_Bsp-1.jpg\"},{\"@type\":\"WebPage\",\"@id\":\"http:\/\/geo-mint-grafik.de\/?page_id=160#webpage\",\"url\":\"http:\/\/geo-mint-grafik.de\/?page_id=160\",\"name\":\"Zeitleisten - geo-mint-grafik\",\"isPartOf\":{\"@id\":\"https:\/\/geo-mint-grafik.de\/#website\"},\"primaryImageOfPage\":{\"@id\":\"http:\/\/geo-mint-grafik.de\/?page_id=160#primaryimage\"},\"datePublished\":\"2020-07-01T10:08:07+00:00\",\"dateModified\":\"2020-07-02T08:04:46+00:00\",\"inLanguage\":\"de\",\"potentialAction\":[{\"@type\":\"ReadAction\",\"target\":[\"http:\/\/geo-mint-grafik.de\/?page_id=160\"]}]}]}<\/script>\n<!-- \/ Yoast SEO plugin. -->","_links":{"self":[{"href":"https:\/\/geo-mint-grafik.de\/index.php?rest_route=\/wp\/v2\/pages\/160","targetHints":{"allow":["GET"]}}],"collection":[{"href":"https:\/\/geo-mint-grafik.de\/index.php?rest_route=\/wp\/v2\/pages"}],"about":[{"href":"https:\/\/geo-mint-grafik.de\/index.php?rest_route=\/wp\/v2\/types\/page"}],"author":[{"embeddable":true,"href":"https:\/\/geo-mint-grafik.de\/index.php?rest_route=\/wp\/v2\/users\/1"}],"replies":[{"embeddable":true,"href":"https:\/\/geo-mint-grafik.de\/index.php?rest_route=%2Fwp%2Fv2%2Fcomments&post=160"}],"version-history":[{"count":4,"href":"https:\/\/geo-mint-grafik.de\/index.php?rest_route=\/wp\/v2\/pages\/160\/revisions"}],"predecessor-version":[{"id":359,"href":"https:\/\/geo-mint-grafik.de\/index.php?rest_route=\/wp\/v2\/pages\/160\/revisions\/359"}],"wp:attachment":[{"href":"https:\/\/geo-mint-grafik.de\/index.php?rest_route=%2Fwp%2Fv2%2Fmedia&parent=160"}],"curies":[{"name":"wp","href":"https:\/\/api.w.org\/{rel}","templated":true}]}}