{"id":157,"date":"2020-07-01T10:06:52","date_gmt":"2020-07-01T10:06:52","guid":{"rendered":"http:\/\/geo-mint-grafik.de\/?page_id=157"},"modified":"2025-09-07T10:56:26","modified_gmt":"2025-09-07T10:56:26","slug":"zielgruppe","status":"publish","type":"page","link":"https:\/\/geo-mint-grafik.de\/?page_id=157","title":{"rendered":"Zielgruppe"},"content":{"rendered":"\n<p>Sie arbeiten an einer Bachelor- oder Masterarbeit oder gar an einer Dissertation, Ihnen f\u00e4llt das Schreiben der Texte leicht, aber das Erstellen von Abbildungen\/Grafiken schwer? Dann sind sie bei <strong>geo-mint-grafik<\/strong> an der richtigen Adresse!<\/p>\n\n\n\n<p>Sie sind Autorin bzw. Autor und m\u00fcssen Ihrem Verlag mit Ihrem Manuskript auch die druckfertigen Grafiken liefern, sehen sich aber selbst nicht in der Lage, die eigenen Grafiken sowohl vom zeitlichen Umfang her als auch hinsichtlich Ihrer eigenen Kompetenzen im Bereich Grafik-Design zu erstellen? Dann sind sie bei <strong>geo-mint-grafik<\/strong> an der richtigen Adresse!<\/p>\n\n\n\n<p>Sie sind in einem Unternehmen, zum Beispiel in einem Verlag, in einer Organisation, einem Verein t\u00e4tig und suchen nach der M\u00f6glichkeit f\u00fcr das \u201eOutsourcing\u201c der Grafikarbeiten? Dann sind sie bei <strong>geo-mint-grafik<\/strong> an der richtigen Adresse!<\/p>\n\n\n\n<p>Die Erstellung von Grafiken ist oft zeitaufw\u00e4ndig und selbst f\u00fcr Unternehmen im eigenen Haus betriebswirtschaftlich nicht immer sinnvoll. Alle Adressatengruppen finden in <strong>geo-mint-grafik<\/strong> einen verl\u00e4sslichen Partner beim Erstellen ihres Produkts.<\/p>\n","protected":false},"excerpt":{"rendered":"<p>Sie arbeiten an einer Bachelor- oder Masterarbeit oder gar an einer Dissertation, Ihnen f\u00e4llt das Schreiben der Texte leicht, aber das Erstellen von Abbildungen\/Grafiken schwer? Dann sind sie bei geo-mint-grafik an der richtigen Adresse! Sie sind Autorin bzw. Autor und m\u00fcssen Ihrem Verlag mit Ihrem Manuskript auch die druckfertigen Grafiken liefern, sehen sich aber selbst &hellip; <\/p>\n<p class=\"link-more\"><a href=\"https:\/\/geo-mint-grafik.de\/?page_id=157\" class=\"more-link\"><span class=\"screen-reader-text\">\u201eZielgruppe\u201c<\/span> weiterlesen<\/a><\/p>\n","protected":false},"author":1,"featured_media":0,"parent":0,"menu_order":0,"comment_status":"closed","ping_status":"closed","template":"","meta":{"footnotes":""},"class_list":["post-157","page","type-page","status-publish","hentry"],"yoast_head":"<!-- This site is optimized with the Yoast SEO plugin v14.5 - https:\/\/yoast.com\/wordpress\/plugins\/seo\/ -->\n<title>Zielgruppe - geo-mint-grafik<\/title>\n<meta name=\"robots\" content=\"index, follow\" \/>\n<meta name=\"googlebot\" content=\"index, follow, max-snippet:-1, max-image-preview:large, max-video-preview:-1\" \/>\n<meta name=\"bingbot\" content=\"index, follow, max-snippet:-1, max-image-preview:large, max-video-preview:-1\" \/>\n<link rel=\"canonical\" href=\"https:\/\/geo-mint-grafik.de\/?page_id=157\" \/>\n<meta property=\"og:locale\" content=\"de_DE\" \/>\n<meta property=\"og:type\" content=\"article\" \/>\n<meta property=\"og:title\" content=\"Zielgruppe - geo-mint-grafik\" \/>\n<meta property=\"og:description\" content=\"Sie arbeiten an einer Bachelor- oder Masterarbeit oder gar an einer Dissertation, Ihnen f\u00e4llt das Schreiben der Texte leicht, aber das Erstellen von Abbildungen\/Grafiken schwer? Dann sind sie bei geo-mint-grafik an der richtigen Adresse! Sie sind Autorin bzw. Autor und m\u00fcssen Ihrem Verlag mit Ihrem Manuskript auch die druckfertigen Grafiken liefern, sehen sich aber selbst &hellip; \u201eZielgruppe\u201c weiterlesen\" \/>\n<meta property=\"og:url\" content=\"https:\/\/geo-mint-grafik.de\/?page_id=157\" \/>\n<meta property=\"og:site_name\" content=\"geo-mint-grafik\" \/>\n<meta property=\"article:modified_time\" content=\"2025-09-07T10:56:26+00:00\" \/>\n<meta name=\"twitter:card\" content=\"summary_large_image\" \/>\n<script type=\"application\/ld+json\" class=\"yoast-schema-graph\">{\"@context\":\"https:\/\/schema.org\",\"@graph\":[{\"@type\":\"WebSite\",\"@id\":\"https:\/\/geo-mint-grafik.de\/#website\",\"url\":\"https:\/\/geo-mint-grafik.de\/\",\"name\":\"geo-mint-grafik\",\"description\":\"Der leichtere Weg zur anschaulichen Publikation\",\"potentialAction\":[{\"@type\":\"SearchAction\",\"target\":\"https:\/\/geo-mint-grafik.de\/?s={search_term_string}\",\"query-input\":\"required name=search_term_string\"}],\"inLanguage\":\"de\"},{\"@type\":\"WebPage\",\"@id\":\"https:\/\/geo-mint-grafik.de\/?page_id=157#webpage\",\"url\":\"https:\/\/geo-mint-grafik.de\/?page_id=157\",\"name\":\"Zielgruppe - geo-mint-grafik\",\"isPartOf\":{\"@id\":\"https:\/\/geo-mint-grafik.de\/#website\"},\"datePublished\":\"2020-07-01T10:06:52+00:00\",\"dateModified\":\"2025-09-07T10:56:26+00:00\",\"inLanguage\":\"de\",\"potentialAction\":[{\"@type\":\"ReadAction\",\"target\":[\"https:\/\/geo-mint-grafik.de\/?page_id=157\"]}]}]}<\/script>\n<!-- \/ Yoast SEO plugin. -->","_links":{"self":[{"href":"https:\/\/geo-mint-grafik.de\/index.php?rest_route=\/wp\/v2\/pages\/157","targetHints":{"allow":["GET"]}}],"collection":[{"href":"https:\/\/geo-mint-grafik.de\/index.php?rest_route=\/wp\/v2\/pages"}],"about":[{"href":"https:\/\/geo-mint-grafik.de\/index.php?rest_route=\/wp\/v2\/types\/page"}],"author":[{"embeddable":true,"href":"https:\/\/geo-mint-grafik.de\/index.php?rest_route=\/wp\/v2\/users\/1"}],"replies":[{"embeddable":true,"href":"https:\/\/geo-mint-grafik.de\/index.php?rest_route=%2Fwp%2Fv2%2Fcomments&post=157"}],"version-history":[{"count":3,"href":"https:\/\/geo-mint-grafik.de\/index.php?rest_route=\/wp\/v2\/pages\/157\/revisions"}],"predecessor-version":[{"id":559,"href":"https:\/\/geo-mint-grafik.de\/index.php?rest_route=\/wp\/v2\/pages\/157\/revisions\/559"}],"wp:attachment":[{"href":"https:\/\/geo-mint-grafik.de\/index.php?rest_route=%2Fwp%2Fv2%2Fmedia&parent=157"}],"curies":[{"name":"wp","href":"https:\/\/api.w.org\/{rel}","templated":true}]}}