{"id":141,"date":"2020-07-01T09:22:46","date_gmt":"2020-07-01T09:22:46","guid":{"rendered":"http:\/\/geo-mint-grafik.de\/?page_id=141"},"modified":"2020-07-02T07:50:00","modified_gmt":"2020-07-02T07:50:00","slug":"karten-2","status":"publish","type":"page","link":"https:\/\/geo-mint-grafik.de\/?page_id=141","title":{"rendered":"Karten"},"content":{"rendered":"\n<p>Das zentrale Anschauungsmittel in der Geographie ist die Karte. Wer einen Atlas aufschl\u00e4gt, kann sich von der wahrlich \u201ebunten Vielfalt\u201c an Karten, sowohl bzgl. ihrer Inhalte, vor allem aber auch bzgl. ihrer kartographischen Darstellung, beeindrucken lassen.  <\/p>\n\n\n\n<p>F\u00fcr die Veranschaulichung eigener Texte bietet die Atlaskarte jedoch bei weitem nicht immer die gew\u00fcnschte Detailgenauigkeit. Hier hilft die nach individuellen \u00dcberlegungen angefertigte Karte. In der Regel handelt es sich dabei um eine thematische Karte, das bedeutet, dass ein bestimmter Inhalt im Vordergrund steht.<\/p>\n\n\n\n<p>Die noch einfachere, aber nicht minder aussagelkr\u00e4ftige Darstellung ist das Kartogramm (vgl. <a href=\"http:\/\/geo-mint-grafik.de\/?page_id=60\">hier<\/a>).<\/p>\n\n\n\n<p>Aus der Vielzahl m\u00f6glicher Beispiele sind die beiden folgenden Karten exemplarisch ausgew\u00e4hlt.<\/p>\n\n\n\n<p>Nacheiszeitliche Entwicklung der Nordsee \u2013 die Situation vor 9.000 Jahren:<\/p>\n\n\n\n<figure class=\"wp-block-image\"><img loading=\"lazy\" decoding=\"async\" width=\"624\" height=\"863\" src=\"http:\/\/geo-mint-grafik.de\/wp-content\/uploads\/2020\/07\/Nordseeentwicklung_Bsp-1.jpg\" alt=\"\" class=\"wp-image-323\" srcset=\"https:\/\/geo-mint-grafik.de\/wp-content\/uploads\/2020\/07\/Nordseeentwicklung_Bsp-1.jpg 624w, https:\/\/geo-mint-grafik.de\/wp-content\/uploads\/2020\/07\/Nordseeentwicklung_Bsp-1-217x300.jpg 217w\" sizes=\"auto, (max-width: 624px) 100vw, 624px\" \/><\/figure>\n\n\n\n<p>Die Staaten der Europ\u00e4ischen Union \u2013 vereinfachte Darstellung:<\/p>\n\n\n\n<figure class=\"wp-block-image\"><img loading=\"lazy\" decoding=\"async\" width=\"624\" height=\"604\" src=\"http:\/\/geo-mint-grafik.de\/wp-content\/uploads\/2020\/07\/Europakarte_Bsp-1.jpg\" alt=\"\" class=\"wp-image-325\" srcset=\"https:\/\/geo-mint-grafik.de\/wp-content\/uploads\/2020\/07\/Europakarte_Bsp-1.jpg 624w, https:\/\/geo-mint-grafik.de\/wp-content\/uploads\/2020\/07\/Europakarte_Bsp-1-300x290.jpg 300w\" sizes=\"auto, (max-width: 624px) 100vw, 624px\" \/><\/figure>\n","protected":false},"excerpt":{"rendered":"<p>Das zentrale Anschauungsmittel in der Geographie ist die Karte. Wer einen Atlas aufschl\u00e4gt, kann sich von der wahrlich \u201ebunten Vielfalt\u201c an Karten, sowohl bzgl. ihrer Inhalte, vor allem aber auch bzgl. ihrer kartographischen Darstellung, beeindrucken lassen. F\u00fcr die Veranschaulichung eigener Texte bietet die Atlaskarte jedoch bei weitem nicht immer die gew\u00fcnschte Detailgenauigkeit. Hier hilft die &hellip; <\/p>\n<p class=\"link-more\"><a href=\"https:\/\/geo-mint-grafik.de\/?page_id=141\" class=\"more-link\"><span class=\"screen-reader-text\">\u201eKarten\u201c<\/span> weiterlesen<\/a><\/p>\n","protected":false},"author":1,"featured_media":0,"parent":0,"menu_order":0,"comment_status":"closed","ping_status":"closed","template":"","meta":{"footnotes":""},"class_list":["post-141","page","type-page","status-publish","hentry"],"yoast_head":"<!-- This site is optimized with the Yoast SEO plugin v14.5 - https:\/\/yoast.com\/wordpress\/plugins\/seo\/ -->\n<title>Karten - geo-mint-grafik<\/title>\n<meta name=\"robots\" content=\"index, follow\" \/>\n<meta name=\"googlebot\" content=\"index, follow, max-snippet:-1, max-image-preview:large, max-video-preview:-1\" \/>\n<meta name=\"bingbot\" content=\"index, follow, max-snippet:-1, max-image-preview:large, max-video-preview:-1\" \/>\n<link rel=\"canonical\" href=\"http:\/\/geo-mint-grafik.de\/?page_id=141\" \/>\n<meta property=\"og:locale\" content=\"de_DE\" \/>\n<meta property=\"og:type\" content=\"article\" \/>\n<meta property=\"og:title\" content=\"Karten - geo-mint-grafik\" \/>\n<meta property=\"og:description\" content=\"Das zentrale Anschauungsmittel in der Geographie ist die Karte. Wer einen Atlas aufschl\u00e4gt, kann sich von der wahrlich \u201ebunten Vielfalt\u201c an Karten, sowohl bzgl. ihrer Inhalte, vor allem aber auch bzgl. ihrer kartographischen Darstellung, beeindrucken lassen. F\u00fcr die Veranschaulichung eigener Texte bietet die Atlaskarte jedoch bei weitem nicht immer die gew\u00fcnschte Detailgenauigkeit. Hier hilft die &hellip; \u201eKarten\u201c weiterlesen\" \/>\n<meta property=\"og:url\" content=\"http:\/\/geo-mint-grafik.de\/?page_id=141\" \/>\n<meta property=\"og:site_name\" content=\"geo-mint-grafik\" \/>\n<meta property=\"article:modified_time\" content=\"2020-07-02T07:50:00+00:00\" \/>\n<meta property=\"og:image\" content=\"http:\/\/geo-mint-grafik.de\/wp-content\/uploads\/2020\/07\/Nordseeentwicklung_Bsp-1.jpg\" \/>\n<meta name=\"twitter:card\" content=\"summary_large_image\" \/>\n<script type=\"application\/ld+json\" class=\"yoast-schema-graph\">{\"@context\":\"https:\/\/schema.org\",\"@graph\":[{\"@type\":\"WebSite\",\"@id\":\"https:\/\/geo-mint-grafik.de\/#website\",\"url\":\"https:\/\/geo-mint-grafik.de\/\",\"name\":\"geo-mint-grafik\",\"description\":\"Der leichtere Weg zur anschaulichen Publikation\",\"potentialAction\":[{\"@type\":\"SearchAction\",\"target\":\"https:\/\/geo-mint-grafik.de\/?s={search_term_string}\",\"query-input\":\"required name=search_term_string\"}],\"inLanguage\":\"de\"},{\"@type\":\"ImageObject\",\"@id\":\"http:\/\/geo-mint-grafik.de\/?page_id=141#primaryimage\",\"inLanguage\":\"de\",\"url\":\"http:\/\/geo-mint-grafik.de\/wp-content\/uploads\/2020\/07\/Nordseeentwicklung_Bsp-1.jpg\"},{\"@type\":\"WebPage\",\"@id\":\"http:\/\/geo-mint-grafik.de\/?page_id=141#webpage\",\"url\":\"http:\/\/geo-mint-grafik.de\/?page_id=141\",\"name\":\"Karten - geo-mint-grafik\",\"isPartOf\":{\"@id\":\"https:\/\/geo-mint-grafik.de\/#website\"},\"primaryImageOfPage\":{\"@id\":\"http:\/\/geo-mint-grafik.de\/?page_id=141#primaryimage\"},\"datePublished\":\"2020-07-01T09:22:46+00:00\",\"dateModified\":\"2020-07-02T07:50:00+00:00\",\"inLanguage\":\"de\",\"potentialAction\":[{\"@type\":\"ReadAction\",\"target\":[\"http:\/\/geo-mint-grafik.de\/?page_id=141\"]}]}]}<\/script>\n<!-- \/ Yoast SEO plugin. -->","_links":{"self":[{"href":"https:\/\/geo-mint-grafik.de\/index.php?rest_route=\/wp\/v2\/pages\/141","targetHints":{"allow":["GET"]}}],"collection":[{"href":"https:\/\/geo-mint-grafik.de\/index.php?rest_route=\/wp\/v2\/pages"}],"about":[{"href":"https:\/\/geo-mint-grafik.de\/index.php?rest_route=\/wp\/v2\/types\/page"}],"author":[{"embeddable":true,"href":"https:\/\/geo-mint-grafik.de\/index.php?rest_route=\/wp\/v2\/users\/1"}],"replies":[{"embeddable":true,"href":"https:\/\/geo-mint-grafik.de\/index.php?rest_route=%2Fwp%2Fv2%2Fcomments&post=141"}],"version-history":[{"count":3,"href":"https:\/\/geo-mint-grafik.de\/index.php?rest_route=\/wp\/v2\/pages\/141\/revisions"}],"predecessor-version":[{"id":326,"href":"https:\/\/geo-mint-grafik.de\/index.php?rest_route=\/wp\/v2\/pages\/141\/revisions\/326"}],"wp:attachment":[{"href":"https:\/\/geo-mint-grafik.de\/index.php?rest_route=%2Fwp%2Fv2%2Fmedia&parent=141"}],"curies":[{"name":"wp","href":"https:\/\/api.w.org\/{rel}","templated":true}]}}