{"id":113,"date":"2020-07-01T09:12:08","date_gmt":"2020-07-01T09:12:08","guid":{"rendered":"http:\/\/geo-mint-grafik.de\/?page_id=113"},"modified":"2025-09-07T11:01:30","modified_gmt":"2025-09-07T11:01:30","slug":"formate-2","status":"publish","type":"page","link":"https:\/\/geo-mint-grafik.de\/?page_id=113","title":{"rendered":"Formate"},"content":{"rendered":"\n<p><strong>geo-mint-grafik<\/strong> erstellt die Abbildungen als Vektorgrafiken (siehe z. B. <a href=\"https:\/\/www.adobe.com\/de\/creativecloud\/design\/discover\/vector-graphic.html#was-ist-eine-vektorgrafik\">hier<\/a>). Eine Vektorgrafik baut sich aus Formen, Kurven (Splines) und Linien auf. Es sind auf einer Ebene dargestellte 2D-Grafiken, verschiedene Tools erm\u00f6glichen aber auch einen 3D-Effekt wie zum Beispiel bei so genannten <a href=\"http:\/\/geo-mint-grafik.de\/?page_id=115\">Blockbildern<\/a>.<\/p>\n\n\n\n<p>Vektorgrafiken\nzeichnen sich durch ihre verlustfreie Skalierbarkeit aus, so k\u00f6nnen sie in\nh\u00f6chstm\u00f6glicher Aufl\u00f6sung erstellt werden, sie setzen sich nicht aus einzelnen Pixeln zusammen wie Fotos.<\/p>\n\n\n\n<p>Die Grafiken k\u00f6nnen farbig und schwarz-wei\u00df erstellt werden. <\/p>\n\n\n\n<p>Je nach Wunsch des Auftraggebers k\u00f6nnen die erstellten Grafiken in\nverschiedene Formate exportiert und ausgeliefert werden (z. B. eps, jpg, tif,\npdf).<\/p>\n\n\n\n<p><\/p>\n","protected":false},"excerpt":{"rendered":"<p>geo-mint-grafik erstellt die Abbildungen als Vektorgrafiken (siehe z. B. hier). Eine Vektorgrafik baut sich aus Formen, Kurven (Splines) und Linien auf. Es sind auf einer Ebene dargestellte 2D-Grafiken, verschiedene Tools erm\u00f6glichen aber auch einen 3D-Effekt wie zum Beispiel bei so genannten Blockbildern. Vektorgrafiken zeichnen sich durch ihre verlustfreie Skalierbarkeit aus, so k\u00f6nnen sie in h\u00f6chstm\u00f6glicher &hellip; <\/p>\n<p class=\"link-more\"><a href=\"https:\/\/geo-mint-grafik.de\/?page_id=113\" class=\"more-link\"><span class=\"screen-reader-text\">\u201eFormate\u201c<\/span> weiterlesen<\/a><\/p>\n","protected":false},"author":1,"featured_media":0,"parent":0,"menu_order":0,"comment_status":"closed","ping_status":"closed","template":"","meta":{"footnotes":""},"class_list":["post-113","page","type-page","status-publish","hentry"],"yoast_head":"<!-- This site is optimized with the Yoast SEO plugin v14.5 - https:\/\/yoast.com\/wordpress\/plugins\/seo\/ -->\n<title>Formate - geo-mint-grafik<\/title>\n<meta name=\"robots\" content=\"index, follow\" \/>\n<meta name=\"googlebot\" content=\"index, follow, max-snippet:-1, max-image-preview:large, max-video-preview:-1\" \/>\n<meta name=\"bingbot\" content=\"index, follow, max-snippet:-1, max-image-preview:large, max-video-preview:-1\" \/>\n<link rel=\"canonical\" href=\"https:\/\/geo-mint-grafik.de\/?page_id=113\" \/>\n<meta property=\"og:locale\" content=\"de_DE\" \/>\n<meta property=\"og:type\" content=\"article\" \/>\n<meta property=\"og:title\" content=\"Formate - geo-mint-grafik\" \/>\n<meta property=\"og:description\" content=\"geo-mint-grafik erstellt die Abbildungen als Vektorgrafiken (siehe z. B. hier). Eine Vektorgrafik baut sich aus Formen, Kurven (Splines) und Linien auf. Es sind auf einer Ebene dargestellte 2D-Grafiken, verschiedene Tools erm\u00f6glichen aber auch einen 3D-Effekt wie zum Beispiel bei so genannten Blockbildern. Vektorgrafiken zeichnen sich durch ihre verlustfreie Skalierbarkeit aus, so k\u00f6nnen sie in h\u00f6chstm\u00f6glicher &hellip; \u201eFormate\u201c weiterlesen\" \/>\n<meta property=\"og:url\" content=\"https:\/\/geo-mint-grafik.de\/?page_id=113\" \/>\n<meta property=\"og:site_name\" content=\"geo-mint-grafik\" \/>\n<meta property=\"article:modified_time\" content=\"2025-09-07T11:01:30+00:00\" \/>\n<meta name=\"twitter:card\" content=\"summary_large_image\" \/>\n<script type=\"application\/ld+json\" class=\"yoast-schema-graph\">{\"@context\":\"https:\/\/schema.org\",\"@graph\":[{\"@type\":\"WebSite\",\"@id\":\"https:\/\/geo-mint-grafik.de\/#website\",\"url\":\"https:\/\/geo-mint-grafik.de\/\",\"name\":\"geo-mint-grafik\",\"description\":\"Der leichtere Weg zur anschaulichen Publikation\",\"potentialAction\":[{\"@type\":\"SearchAction\",\"target\":\"https:\/\/geo-mint-grafik.de\/?s={search_term_string}\",\"query-input\":\"required name=search_term_string\"}],\"inLanguage\":\"de\"},{\"@type\":\"WebPage\",\"@id\":\"https:\/\/geo-mint-grafik.de\/?page_id=113#webpage\",\"url\":\"https:\/\/geo-mint-grafik.de\/?page_id=113\",\"name\":\"Formate - geo-mint-grafik\",\"isPartOf\":{\"@id\":\"https:\/\/geo-mint-grafik.de\/#website\"},\"datePublished\":\"2020-07-01T09:12:08+00:00\",\"dateModified\":\"2025-09-07T11:01:30+00:00\",\"inLanguage\":\"de\",\"potentialAction\":[{\"@type\":\"ReadAction\",\"target\":[\"https:\/\/geo-mint-grafik.de\/?page_id=113\"]}]}]}<\/script>\n<!-- \/ Yoast SEO plugin. -->","_links":{"self":[{"href":"https:\/\/geo-mint-grafik.de\/index.php?rest_route=\/wp\/v2\/pages\/113","targetHints":{"allow":["GET"]}}],"collection":[{"href":"https:\/\/geo-mint-grafik.de\/index.php?rest_route=\/wp\/v2\/pages"}],"about":[{"href":"https:\/\/geo-mint-grafik.de\/index.php?rest_route=\/wp\/v2\/types\/page"}],"author":[{"embeddable":true,"href":"https:\/\/geo-mint-grafik.de\/index.php?rest_route=\/wp\/v2\/users\/1"}],"replies":[{"embeddable":true,"href":"https:\/\/geo-mint-grafik.de\/index.php?rest_route=%2Fwp%2Fv2%2Fcomments&post=113"}],"version-history":[{"count":5,"href":"https:\/\/geo-mint-grafik.de\/index.php?rest_route=\/wp\/v2\/pages\/113\/revisions"}],"predecessor-version":[{"id":561,"href":"https:\/\/geo-mint-grafik.de\/index.php?rest_route=\/wp\/v2\/pages\/113\/revisions\/561"}],"wp:attachment":[{"href":"https:\/\/geo-mint-grafik.de\/index.php?rest_route=%2Fwp%2Fv2%2Fmedia&parent=113"}],"curies":[{"name":"wp","href":"https:\/\/api.w.org\/{rel}","templated":true}]}}