{"id":111,"date":"2020-07-01T09:11:51","date_gmt":"2020-07-01T09:11:51","guid":{"rendered":"http:\/\/geo-mint-grafik.de\/?page_id=111"},"modified":"2024-04-11T15:16:36","modified_gmt":"2024-04-11T15:16:36","slug":"einheitliches-design-2","status":"publish","type":"page","link":"https:\/\/geo-mint-grafik.de\/?page_id=111","title":{"rendered":"Einheitliches Design"},"content":{"rendered":"\n<p>Seminararbeiten,\nBachelorarbeiten, Masterarbeiten, Dissertationen, (wissenschaftliche)\nPublikationen und auch die f\u00fcr Vortr\u00e4ge in Seminaren, Kolloquien und\nDisputationen verbindlichen Pr\u00e4sentationen beschr\u00e4nken sich in ihren\nDarstellungen bei weitem nicht nur auf Text. Vielmehr wird erwartet, dass die\nInhalte so anschaulich wie nur m\u00f6glich dargelegt und erl\u00e4utert werden.<\/p>\n\n\n\n<p>Neben Fotos\nverschiedener Art sind es Abbildungen bzw. Grafiken, die Inhalte und\nSachzusammenh\u00e4nge in erster Linie visuell transportieren.<\/p>\n\n\n\n<p>Die M\u00f6glichkeiten, Sachverhalte grafisch zu veranschaulichen, sind vielf\u00e4ltig. Welche dieser M\u00f6glichkeiten gew\u00e4hlt wird, h\u00e4ngt vor allem auch vom Fachgebiet ab. So arbeitet der Geowissenschaftler zum Beispiel gern mit Karten und Kartogrammen, der Wirtschaftswissenschaftler mit Diagrammen unterschiedlichster Art, der Naturwissenschaftler z. B. mit Info-Grafiken.<\/p>\n\n\n\n<p>Zwar bietet\ndie Software-Landschaft eine Vielzahl von Optionen f\u00fcr das Erstellen von\nGrafiken, sie erf\u00fcllen aber eher funktionell die Anforderungen, weniger vom\nDesign her. Und wenn der eigene Anspruch dahin geht, Grafiken ein- und derselben\nArbeit\/Publikation in einheitlichem Design zu pr\u00e4sentieren, reicht die Arbeit\nmit dem handels\u00fcblichen Softwaremix nicht aus.<\/p>\n\n\n\n<p>Der Auftrag bei <strong>geo-mint-grafik<\/strong> bietet die Chance, das gesamte Abbildungsmaterial f\u00fcr das eigene Produkt in einem einheitlichen Design zu erhalten. <\/p>\n","protected":false},"excerpt":{"rendered":"<p>Seminararbeiten, Bachelorarbeiten, Masterarbeiten, Dissertationen, (wissenschaftliche) Publikationen und auch die f\u00fcr Vortr\u00e4ge in Seminaren, Kolloquien und Disputationen verbindlichen Pr\u00e4sentationen beschr\u00e4nken sich in ihren Darstellungen bei weitem nicht nur auf Text. Vielmehr wird erwartet, dass die Inhalte so anschaulich wie nur m\u00f6glich dargelegt und erl\u00e4utert werden. Neben Fotos verschiedener Art sind es Abbildungen bzw. Grafiken, die Inhalte &hellip; <\/p>\n<p class=\"link-more\"><a href=\"https:\/\/geo-mint-grafik.de\/?page_id=111\" class=\"more-link\"><span class=\"screen-reader-text\">\u201eEinheitliches Design\u201c<\/span> weiterlesen<\/a><\/p>\n","protected":false},"author":1,"featured_media":0,"parent":0,"menu_order":0,"comment_status":"closed","ping_status":"closed","template":"","meta":{"footnotes":""},"class_list":["post-111","page","type-page","status-publish","hentry"],"yoast_head":"<!-- This site is optimized with the Yoast SEO plugin v14.5 - https:\/\/yoast.com\/wordpress\/plugins\/seo\/ -->\n<title>Einheitliches Design - geo-mint-grafik<\/title>\n<meta name=\"robots\" content=\"index, follow\" \/>\n<meta name=\"googlebot\" content=\"index, follow, max-snippet:-1, max-image-preview:large, max-video-preview:-1\" \/>\n<meta name=\"bingbot\" content=\"index, follow, max-snippet:-1, max-image-preview:large, max-video-preview:-1\" \/>\n<link rel=\"canonical\" href=\"https:\/\/geo-mint-grafik.de\/?page_id=111\" \/>\n<meta property=\"og:locale\" content=\"de_DE\" \/>\n<meta property=\"og:type\" content=\"article\" \/>\n<meta property=\"og:title\" content=\"Einheitliches Design - geo-mint-grafik\" \/>\n<meta property=\"og:description\" content=\"Seminararbeiten, Bachelorarbeiten, Masterarbeiten, Dissertationen, (wissenschaftliche) Publikationen und auch die f\u00fcr Vortr\u00e4ge in Seminaren, Kolloquien und Disputationen verbindlichen Pr\u00e4sentationen beschr\u00e4nken sich in ihren Darstellungen bei weitem nicht nur auf Text. Vielmehr wird erwartet, dass die Inhalte so anschaulich wie nur m\u00f6glich dargelegt und erl\u00e4utert werden. Neben Fotos verschiedener Art sind es Abbildungen bzw. Grafiken, die Inhalte &hellip; \u201eEinheitliches Design\u201c weiterlesen\" \/>\n<meta property=\"og:url\" content=\"https:\/\/geo-mint-grafik.de\/?page_id=111\" \/>\n<meta property=\"og:site_name\" content=\"geo-mint-grafik\" \/>\n<meta property=\"article:modified_time\" content=\"2024-04-11T15:16:36+00:00\" \/>\n<meta name=\"twitter:card\" content=\"summary_large_image\" \/>\n<script type=\"application\/ld+json\" class=\"yoast-schema-graph\">{\"@context\":\"https:\/\/schema.org\",\"@graph\":[{\"@type\":\"WebSite\",\"@id\":\"https:\/\/geo-mint-grafik.de\/#website\",\"url\":\"https:\/\/geo-mint-grafik.de\/\",\"name\":\"geo-mint-grafik\",\"description\":\"Der leichtere Weg zur anschaulichen Publikation\",\"potentialAction\":[{\"@type\":\"SearchAction\",\"target\":\"https:\/\/geo-mint-grafik.de\/?s={search_term_string}\",\"query-input\":\"required name=search_term_string\"}],\"inLanguage\":\"de\"},{\"@type\":\"WebPage\",\"@id\":\"https:\/\/geo-mint-grafik.de\/?page_id=111#webpage\",\"url\":\"https:\/\/geo-mint-grafik.de\/?page_id=111\",\"name\":\"Einheitliches Design - geo-mint-grafik\",\"isPartOf\":{\"@id\":\"https:\/\/geo-mint-grafik.de\/#website\"},\"datePublished\":\"2020-07-01T09:11:51+00:00\",\"dateModified\":\"2024-04-11T15:16:36+00:00\",\"inLanguage\":\"de\",\"potentialAction\":[{\"@type\":\"ReadAction\",\"target\":[\"https:\/\/geo-mint-grafik.de\/?page_id=111\"]}]}]}<\/script>\n<!-- \/ Yoast SEO plugin. -->","_links":{"self":[{"href":"https:\/\/geo-mint-grafik.de\/index.php?rest_route=\/wp\/v2\/pages\/111","targetHints":{"allow":["GET"]}}],"collection":[{"href":"https:\/\/geo-mint-grafik.de\/index.php?rest_route=\/wp\/v2\/pages"}],"about":[{"href":"https:\/\/geo-mint-grafik.de\/index.php?rest_route=\/wp\/v2\/types\/page"}],"author":[{"embeddable":true,"href":"https:\/\/geo-mint-grafik.de\/index.php?rest_route=\/wp\/v2\/users\/1"}],"replies":[{"embeddable":true,"href":"https:\/\/geo-mint-grafik.de\/index.php?rest_route=%2Fwp%2Fv2%2Fcomments&post=111"}],"version-history":[{"count":3,"href":"https:\/\/geo-mint-grafik.de\/index.php?rest_route=\/wp\/v2\/pages\/111\/revisions"}],"predecessor-version":[{"id":537,"href":"https:\/\/geo-mint-grafik.de\/index.php?rest_route=\/wp\/v2\/pages\/111\/revisions\/537"}],"wp:attachment":[{"href":"https:\/\/geo-mint-grafik.de\/index.php?rest_route=%2Fwp%2Fv2%2Fmedia&parent=111"}],"curies":[{"name":"wp","href":"https:\/\/api.w.org\/{rel}","templated":true}]}}