{"id":107,"date":"2020-07-01T09:08:52","date_gmt":"2020-07-01T09:08:52","guid":{"rendered":"http:\/\/geo-mint-grafik.de\/?page_id=107"},"modified":"2024-04-11T15:15:07","modified_gmt":"2024-04-11T15:15:07","slug":"produkte-2","status":"publish","type":"page","link":"https:\/\/geo-mint-grafik.de\/?page_id=107","title":{"rendered":"Produkte"},"content":{"rendered":"\n<p>Ob Kind, Jugendlicher oder Erwachsener, in uns allen ist der visuelle Lerntyp (es gibt auch das auditive, motorische und kommunikative Lernen) verankert. Nehmen wir das Beispiel \u201aReaktionsgleichung bei der Kalkverwitterung\u2018: \u00dcber den Text im Sachbuch werden die Zusammenh\u00e4nge erl\u00e4utert, die Reaktionsgleichung kann auch in der \u00fcblichen Weise geschrieben werden. Nur: wie muss ich mir die Molek\u00fcldarstellung vorstellen? Jetzt kommt die Grafik dazu, die die Sachverhalte visuell vermittelt. Zum geschriebenen Wort im Sachbuch kommt die Grafik\/Abbildung hinzu. Beides zusammen, Text und Grafik bieten f\u00fcr das Erinnern gleich zwei Optionen \u2013 das Erinnern anhand des Textes oder\/und anhand der Grafik. <\/p>\n\n\n\n<figure class=\"wp-block-image size-large\"><img loading=\"lazy\" decoding=\"async\" width=\"1024\" height=\"380\" src=\"https:\/\/geo-mint-grafik.de\/wp-content\/uploads\/2024\/04\/Kalkverwitterung-1024x380.jpg\" alt=\"\" class=\"wp-image-535\" srcset=\"https:\/\/geo-mint-grafik.de\/wp-content\/uploads\/2024\/04\/Kalkverwitterung-1024x380.jpg 1024w, https:\/\/geo-mint-grafik.de\/wp-content\/uploads\/2024\/04\/Kalkverwitterung-300x111.jpg 300w, https:\/\/geo-mint-grafik.de\/wp-content\/uploads\/2024\/04\/Kalkverwitterung-768x285.jpg 768w, https:\/\/geo-mint-grafik.de\/wp-content\/uploads\/2024\/04\/Kalkverwitterung-1536x570.jpg 1536w, https:\/\/geo-mint-grafik.de\/wp-content\/uploads\/2024\/04\/Kalkverwitterung-2048x759.jpg 2048w\" sizes=\"auto, (max-width: 767px) 89vw, (max-width: 1000px) 54vw, (max-width: 1071px) 543px, 580px\" \/><\/figure>\n\n\n\n<p>Eine Grafik sollte durch ein ansprechendes Design \u00fcberzeugen. Mehrere Grafiken innerhalb desselben Textes \u2013 gleich ob Seminar-, Bachelor, Masterarbeit, Dissertation oder Publikation \u2013 sollten sich durch ein <a href=\"http:\/\/geo-mint-grafik.de\/?page_id=111\">einheitliches Design<\/a> bzgl. Schrift und Farbwahl auszeichnen.<\/p>\n\n\n\n<p>Die Grafiken werden auf Wunsch in verschiedenen <a href=\"http:\/\/geo-mint-grafik.de\/?page_id=113\">Formaten<\/a> erstellt. <\/p>\n","protected":false},"excerpt":{"rendered":"<p>Ob Kind, Jugendlicher oder Erwachsener, in uns allen ist der visuelle Lerntyp (es gibt auch das auditive, motorische und kommunikative Lernen) verankert. Nehmen wir das Beispiel \u201aReaktionsgleichung bei der Kalkverwitterung\u2018: \u00dcber den Text im Sachbuch werden die Zusammenh\u00e4nge erl\u00e4utert, die Reaktionsgleichung kann auch in der \u00fcblichen Weise geschrieben werden. Nur: wie muss ich mir die &hellip; <\/p>\n<p class=\"link-more\"><a href=\"https:\/\/geo-mint-grafik.de\/?page_id=107\" class=\"more-link\"><span class=\"screen-reader-text\">\u201eProdukte\u201c<\/span> weiterlesen<\/a><\/p>\n","protected":false},"author":1,"featured_media":0,"parent":0,"menu_order":0,"comment_status":"closed","ping_status":"closed","template":"","meta":{"footnotes":""},"class_list":["post-107","page","type-page","status-publish","hentry"],"yoast_head":"<!-- This site is optimized with the Yoast SEO plugin v14.5 - https:\/\/yoast.com\/wordpress\/plugins\/seo\/ -->\n<title>Produkte - geo-mint-grafik<\/title>\n<meta name=\"robots\" content=\"index, follow\" \/>\n<meta name=\"googlebot\" content=\"index, follow, max-snippet:-1, max-image-preview:large, max-video-preview:-1\" \/>\n<meta name=\"bingbot\" content=\"index, follow, max-snippet:-1, max-image-preview:large, max-video-preview:-1\" \/>\n<link rel=\"canonical\" href=\"https:\/\/geo-mint-grafik.de\/?page_id=107\" \/>\n<meta property=\"og:locale\" content=\"de_DE\" \/>\n<meta property=\"og:type\" content=\"article\" \/>\n<meta property=\"og:title\" content=\"Produkte - geo-mint-grafik\" \/>\n<meta property=\"og:description\" content=\"Ob Kind, Jugendlicher oder Erwachsener, in uns allen ist der visuelle Lerntyp (es gibt auch das auditive, motorische und kommunikative Lernen) verankert. Nehmen wir das Beispiel \u201aReaktionsgleichung bei der Kalkverwitterung\u2018: \u00dcber den Text im Sachbuch werden die Zusammenh\u00e4nge erl\u00e4utert, die Reaktionsgleichung kann auch in der \u00fcblichen Weise geschrieben werden. Nur: wie muss ich mir die &hellip; \u201eProdukte\u201c weiterlesen\" \/>\n<meta property=\"og:url\" content=\"https:\/\/geo-mint-grafik.de\/?page_id=107\" \/>\n<meta property=\"og:site_name\" content=\"geo-mint-grafik\" \/>\n<meta property=\"article:modified_time\" content=\"2024-04-11T15:15:07+00:00\" \/>\n<meta property=\"og:image\" content=\"https:\/\/geo-mint-grafik.de\/wp-content\/uploads\/2024\/04\/Kalkverwitterung-1024x380.jpg\" \/>\n<meta name=\"twitter:card\" content=\"summary_large_image\" \/>\n<script type=\"application\/ld+json\" class=\"yoast-schema-graph\">{\"@context\":\"https:\/\/schema.org\",\"@graph\":[{\"@type\":\"WebSite\",\"@id\":\"https:\/\/geo-mint-grafik.de\/#website\",\"url\":\"https:\/\/geo-mint-grafik.de\/\",\"name\":\"geo-mint-grafik\",\"description\":\"Der leichtere Weg zur anschaulichen Publikation\",\"potentialAction\":[{\"@type\":\"SearchAction\",\"target\":\"https:\/\/geo-mint-grafik.de\/?s={search_term_string}\",\"query-input\":\"required name=search_term_string\"}],\"inLanguage\":\"de\"},{\"@type\":\"ImageObject\",\"@id\":\"https:\/\/geo-mint-grafik.de\/?page_id=107#primaryimage\",\"inLanguage\":\"de\",\"url\":\"https:\/\/geo-mint-grafik.de\/wp-content\/uploads\/2024\/04\/Kalkverwitterung-scaled.jpg\",\"width\":2560,\"height\":949},{\"@type\":\"WebPage\",\"@id\":\"https:\/\/geo-mint-grafik.de\/?page_id=107#webpage\",\"url\":\"https:\/\/geo-mint-grafik.de\/?page_id=107\",\"name\":\"Produkte - geo-mint-grafik\",\"isPartOf\":{\"@id\":\"https:\/\/geo-mint-grafik.de\/#website\"},\"primaryImageOfPage\":{\"@id\":\"https:\/\/geo-mint-grafik.de\/?page_id=107#primaryimage\"},\"datePublished\":\"2020-07-01T09:08:52+00:00\",\"dateModified\":\"2024-04-11T15:15:07+00:00\",\"inLanguage\":\"de\",\"potentialAction\":[{\"@type\":\"ReadAction\",\"target\":[\"https:\/\/geo-mint-grafik.de\/?page_id=107\"]}]}]}<\/script>\n<!-- \/ Yoast SEO plugin. -->","_links":{"self":[{"href":"https:\/\/geo-mint-grafik.de\/index.php?rest_route=\/wp\/v2\/pages\/107","targetHints":{"allow":["GET"]}}],"collection":[{"href":"https:\/\/geo-mint-grafik.de\/index.php?rest_route=\/wp\/v2\/pages"}],"about":[{"href":"https:\/\/geo-mint-grafik.de\/index.php?rest_route=\/wp\/v2\/types\/page"}],"author":[{"embeddable":true,"href":"https:\/\/geo-mint-grafik.de\/index.php?rest_route=\/wp\/v2\/users\/1"}],"replies":[{"embeddable":true,"href":"https:\/\/geo-mint-grafik.de\/index.php?rest_route=%2Fwp%2Fv2%2Fcomments&post=107"}],"version-history":[{"count":4,"href":"https:\/\/geo-mint-grafik.de\/index.php?rest_route=\/wp\/v2\/pages\/107\/revisions"}],"predecessor-version":[{"id":536,"href":"https:\/\/geo-mint-grafik.de\/index.php?rest_route=\/wp\/v2\/pages\/107\/revisions\/536"}],"wp:attachment":[{"href":"https:\/\/geo-mint-grafik.de\/index.php?rest_route=%2Fwp%2Fv2%2Fmedia&parent=107"}],"curies":[{"name":"wp","href":"https:\/\/api.w.org\/{rel}","templated":true}]}}