{"id":105,"date":"2020-07-01T09:08:28","date_gmt":"2020-07-01T09:08:28","guid":{"rendered":"http:\/\/geo-mint-grafik.de\/?page_id=105"},"modified":"2024-04-11T15:53:38","modified_gmt":"2024-04-11T15:53:38","slug":"diagramme-2","status":"publish","type":"page","link":"https:\/\/geo-mint-grafik.de\/?page_id=105","title":{"rendered":"Diagramme"},"content":{"rendered":"\n<p>Diagramme sind Teil unseres Alltags. Wenn wir die Tageszeitung aufschlagen oder wenn wir Nachrichten im Fernsehen schauen, werden uns Inhalte \u00fcber Diagramme vermittelt.  Der Begriff \u201eDiagramm\u201c ist  vom altgriechischen Wort  di\u00e1gramma  (\u03b4\u03b9\u03ac\u03b3\u03c1\u03b1\u03bc\u03bc\u03b1) abgeleitet worden, was soviel wie \u201eUmriss\u201c oder auch \u201egeometrische Figur\u201c bedeutet. <br>Diagramme sind ideal, um z. B. Textinformationen zu erg\u00e4nzen und um auch statistische Zahlen zu visualisieren.<br>Auch Sch\u00fclerinnen und Sch\u00fcler sowie Studierende erschlie\u00dfen sich Sachinformationen \u00fcber Diagramme. In wissenschaftlichen Publikationen sind sie nicht wegzudenken usw.<br>Diagramme sehen ganz unterschiedlich aus. Je nach Aussage bzw. Inhalt werden bestimmte Darstellungformen gew\u00e4hlt.<br>Zwar bieten zahlreiche Softwareanbieter die M\u00f6glichkeit, Diagramme digital mit einigen Mausklicks umzusetzen, aber in Kombination mit anderen grafischen Darstellungsformen wie z. B. Karten oder Profilzeichnungen innerhalb ein- und derselben Textpassage\/Publikation bleiben die M\u00f6glichkeiten bzgl. der Anpassung an das Design eher begrenzt.<\/p>\n\n\n\n<p>Die folgenden Beispiele stehen stellvertretend f\u00fcr eine Vielzahl an M\u00f6glichkeiten.<\/p>\n\n\n\n<p> <strong>Balkendiagramm <\/strong>Kontinente der Erde \u2013 Fl\u00e4chen (qkm) und Bev\u00f6lkerung (in Mio.):<\/p>\n\n\n\n<figure class=\"wp-block-image is-resized\"><img loading=\"lazy\" decoding=\"async\" src=\"http:\/\/geo-mint-grafik.de\/wp-content\/uploads\/2020\/07\/Kontinente_Flaechen_Bevoelkerung_Bsp.jpg\" alt=\"\" class=\"wp-image-391\" width=\"468\" height=\"224\" srcset=\"https:\/\/geo-mint-grafik.de\/wp-content\/uploads\/2020\/07\/Kontinente_Flaechen_Bevoelkerung_Bsp.jpg 624w, https:\/\/geo-mint-grafik.de\/wp-content\/uploads\/2020\/07\/Kontinente_Flaechen_Bevoelkerung_Bsp-300x143.jpg 300w\" sizes=\"auto, (max-width: 468px) 100vw, 468px\" \/><\/figure>\n\n\n\n<p> <strong>Blasendiagramm <\/strong>Stufen des Vulkanischen Explosionsindex (VEI):<\/p>\n\n\n\n<figure class=\"wp-block-image is-resized\"><img loading=\"lazy\" decoding=\"async\" src=\"http:\/\/geo-mint-grafik.de\/wp-content\/uploads\/2020\/07\/VEI_Bsp.jpg\" alt=\"\" class=\"wp-image-392\" width=\"312\" height=\"446\" srcset=\"https:\/\/geo-mint-grafik.de\/wp-content\/uploads\/2020\/07\/VEI_Bsp.jpg 624w, https:\/\/geo-mint-grafik.de\/wp-content\/uploads\/2020\/07\/VEI_Bsp-210x300.jpg 210w\" sizes=\"auto, (max-width: 312px) 100vw, 312px\" \/><\/figure>\n\n\n\n<p><strong>Fl\u00e4chendiagramm<\/strong> Erosion, Transport und Sedimentation im Hjuiltstroem-Diagramm:<\/p>\n\n\n\n<figure class=\"wp-block-image is-resized\"><img loading=\"lazy\" decoding=\"async\" src=\"http:\/\/geo-mint-grafik.de\/wp-content\/uploads\/2020\/07\/Hjuiltstroem-Diagramm_Bsp.jpg\" alt=\"\" class=\"wp-image-394\" width=\"468\" height=\"345\" srcset=\"https:\/\/geo-mint-grafik.de\/wp-content\/uploads\/2020\/07\/Hjuiltstroem-Diagramm_Bsp.jpg 624w, https:\/\/geo-mint-grafik.de\/wp-content\/uploads\/2020\/07\/Hjuiltstroem-Diagramm_Bsp-300x221.jpg 300w\" sizes=\"auto, (max-width: 468px) 100vw, 468px\" \/><\/figure>\n\n\n\n<p><strong>Histogramm<\/strong> Ergebnisse einer Situmetriemessung:<\/p>\n\n\n\n<figure class=\"wp-block-image is-resized\"><img loading=\"lazy\" decoding=\"async\" src=\"http:\/\/geo-mint-grafik.de\/wp-content\/uploads\/2020\/07\/Situmetriescheibe_Bsp.jpg\" alt=\"\" class=\"wp-image-396\" width=\"468\" height=\"348\" srcset=\"https:\/\/geo-mint-grafik.de\/wp-content\/uploads\/2020\/07\/Situmetriescheibe_Bsp.jpg 624w, https:\/\/geo-mint-grafik.de\/wp-content\/uploads\/2020\/07\/Situmetriescheibe_Bsp-300x223.jpg 300w\" sizes=\"auto, (max-width: 468px) 100vw, 468px\" \/><\/figure>\n\n\n\n<p><strong>Kreisdiagramm<\/strong> Fl\u00e4chenbeanspruchung in Island:<\/p>\n\n\n\n<figure class=\"wp-block-image is-resized\"><img loading=\"lazy\" decoding=\"async\" src=\"http:\/\/geo-mint-grafik.de\/wp-content\/uploads\/2020\/07\/Iceland_Surface_Bsp.jpg\" alt=\"\" class=\"wp-image-398\" width=\"468\" height=\"358\" srcset=\"https:\/\/geo-mint-grafik.de\/wp-content\/uploads\/2020\/07\/Iceland_Surface_Bsp.jpg 624w, https:\/\/geo-mint-grafik.de\/wp-content\/uploads\/2020\/07\/Iceland_Surface_Bsp-300x229.jpg 300w\" sizes=\"auto, (max-width: 468px) 100vw, 468px\" \/><\/figure>\n\n\n\n<p><strong>Liniendiagramm<\/strong> Klimaentwicklung der Erde seit Beginn des Kambriums:<\/p>\n\n\n\n<figure class=\"wp-block-image is-resized\"><img loading=\"lazy\" decoding=\"async\" src=\"http:\/\/geo-mint-grafik.de\/wp-content\/uploads\/2020\/07\/Erde_Klimaentwicklung_Bsp.jpg\" alt=\"\" class=\"wp-image-400\" width=\"468\" height=\"205\" srcset=\"https:\/\/geo-mint-grafik.de\/wp-content\/uploads\/2020\/07\/Erde_Klimaentwicklung_Bsp.jpg 624w, https:\/\/geo-mint-grafik.de\/wp-content\/uploads\/2020\/07\/Erde_Klimaentwicklung_Bsp-300x131.jpg 300w\" sizes=\"auto, (max-width: 468px) 100vw, 468px\" \/><\/figure>\n\n\n\n<p><strong>Liniendiagramm<\/strong> Island \u2013 Exportentwicklung: <\/p>\n\n\n\n<figure class=\"wp-block-image is-resized\"><img loading=\"lazy\" decoding=\"async\" src=\"http:\/\/geo-mint-grafik.de\/wp-content\/uploads\/2020\/07\/Iceland_Export_and_Services_Bsp.jpg\" alt=\"\" class=\"wp-image-401\" width=\"468\" height=\"279\" srcset=\"https:\/\/geo-mint-grafik.de\/wp-content\/uploads\/2020\/07\/Iceland_Export_and_Services_Bsp.jpg 624w, https:\/\/geo-mint-grafik.de\/wp-content\/uploads\/2020\/07\/Iceland_Export_and_Services_Bsp-300x179.jpg 300w\" sizes=\"auto, (max-width: 468px) 100vw, 468px\" \/><\/figure>\n\n\n\n<p><strong>Liniendiagramm<\/strong> Richter-Skala \u2013 Energiefreisetzung und Zerst\u00f6rungsausma\u00df: <\/p>\n\n\n\n<figure class=\"wp-block-image is-resized\"><img loading=\"lazy\" decoding=\"async\" src=\"http:\/\/geo-mint-grafik.de\/wp-content\/uploads\/2020\/07\/Richter_Scale_Bsp.jpg\" alt=\"\" class=\"wp-image-402\" width=\"468\" height=\"491\" srcset=\"https:\/\/geo-mint-grafik.de\/wp-content\/uploads\/2020\/07\/Richter_Scale_Bsp.jpg 624w, https:\/\/geo-mint-grafik.de\/wp-content\/uploads\/2020\/07\/Richter_Scale_Bsp-286x300.jpg 286w\" sizes=\"auto, (max-width: 468px) 100vw, 468px\" \/><\/figure>\n\n\n\n<p><strong>Netzdiagramm <\/strong>Kompetenzscheibe zur Ermittlung und Selbsteinsch\u00e4tzung von Sch\u00fclerleistungen:<\/p>\n\n\n\n<figure class=\"wp-block-image\"><img loading=\"lazy\" decoding=\"async\" width=\"624\" height=\"393\" src=\"http:\/\/geo-mint-grafik.de\/wp-content\/uploads\/2020\/07\/Kompetenzscheibe_Bsp.jpg\" alt=\"\" class=\"wp-image-403\" srcset=\"https:\/\/geo-mint-grafik.de\/wp-content\/uploads\/2020\/07\/Kompetenzscheibe_Bsp.jpg 624w, https:\/\/geo-mint-grafik.de\/wp-content\/uploads\/2020\/07\/Kompetenzscheibe_Bsp-300x189.jpg 300w\" sizes=\"auto, (max-width: 624px) 100vw, 624px\" \/><\/figure>\n\n\n\n<p><strong>S\u00e4ulendiagramm <\/strong>Touristenaufkommen in Island 2010\u20132016:<\/p>\n\n\n\n<figure class=\"wp-block-image is-resized\"><img loading=\"lazy\" decoding=\"async\" src=\"http:\/\/geo-mint-grafik.de\/wp-content\/uploads\/2020\/07\/Iceland_Visitors_Bsp.jpg\" alt=\"\" class=\"wp-image-405\" width=\"468\" height=\"235\" srcset=\"https:\/\/geo-mint-grafik.de\/wp-content\/uploads\/2020\/07\/Iceland_Visitors_Bsp.jpg 624w, https:\/\/geo-mint-grafik.de\/wp-content\/uploads\/2020\/07\/Iceland_Visitors_Bsp-300x150.jpg 300w\" sizes=\"auto, (max-width: 468px) 100vw, 468px\" \/><\/figure>\n","protected":false},"excerpt":{"rendered":"<p>Diagramme sind Teil unseres Alltags. Wenn wir die Tageszeitung aufschlagen oder wenn wir Nachrichten im Fernsehen schauen, werden uns Inhalte \u00fcber Diagramme vermittelt. Der Begriff \u201eDiagramm\u201c ist vom altgriechischen Wort di\u00e1gramma (\u03b4\u03b9\u03ac\u03b3\u03c1\u03b1\u03bc\u03bc\u03b1) abgeleitet worden, was soviel wie \u201eUmriss\u201c oder auch \u201egeometrische Figur\u201c bedeutet. Diagramme sind ideal, um z. B. Textinformationen zu erg\u00e4nzen und um auch &hellip; <\/p>\n<p class=\"link-more\"><a href=\"https:\/\/geo-mint-grafik.de\/?page_id=105\" class=\"more-link\"><span class=\"screen-reader-text\">\u201eDiagramme\u201c<\/span> weiterlesen<\/a><\/p>\n","protected":false},"author":1,"featured_media":0,"parent":0,"menu_order":0,"comment_status":"closed","ping_status":"closed","template":"","meta":{"footnotes":""},"class_list":["post-105","page","type-page","status-publish","hentry"],"yoast_head":"<!-- This site is optimized with the Yoast SEO plugin v14.5 - https:\/\/yoast.com\/wordpress\/plugins\/seo\/ -->\n<title>Diagramme - geo-mint-grafik<\/title>\n<meta name=\"robots\" content=\"index, follow\" \/>\n<meta name=\"googlebot\" content=\"index, follow, max-snippet:-1, max-image-preview:large, max-video-preview:-1\" \/>\n<meta name=\"bingbot\" content=\"index, follow, max-snippet:-1, max-image-preview:large, max-video-preview:-1\" \/>\n<link rel=\"canonical\" href=\"https:\/\/geo-mint-grafik.de\/?page_id=105\" \/>\n<meta property=\"og:locale\" content=\"de_DE\" \/>\n<meta property=\"og:type\" content=\"article\" \/>\n<meta property=\"og:title\" content=\"Diagramme - geo-mint-grafik\" \/>\n<meta property=\"og:description\" content=\"Diagramme sind Teil unseres Alltags. Wenn wir die Tageszeitung aufschlagen oder wenn wir Nachrichten im Fernsehen schauen, werden uns Inhalte \u00fcber Diagramme vermittelt. Der Begriff \u201eDiagramm\u201c ist vom altgriechischen Wort di\u00e1gramma (\u03b4\u03b9\u03ac\u03b3\u03c1\u03b1\u03bc\u03bc\u03b1) abgeleitet worden, was soviel wie \u201eUmriss\u201c oder auch \u201egeometrische Figur\u201c bedeutet. Diagramme sind ideal, um z. B. Textinformationen zu erg\u00e4nzen und um auch &hellip; \u201eDiagramme\u201c weiterlesen\" \/>\n<meta property=\"og:url\" content=\"https:\/\/geo-mint-grafik.de\/?page_id=105\" \/>\n<meta property=\"og:site_name\" content=\"geo-mint-grafik\" \/>\n<meta property=\"article:modified_time\" content=\"2024-04-11T15:53:38+00:00\" \/>\n<meta property=\"og:image\" content=\"http:\/\/geo-mint-grafik.de\/wp-content\/uploads\/2020\/07\/Kontinente_Flaechen_Bevoelkerung_Bsp.jpg\" \/>\n<meta name=\"twitter:card\" content=\"summary_large_image\" \/>\n<script type=\"application\/ld+json\" class=\"yoast-schema-graph\">{\"@context\":\"https:\/\/schema.org\",\"@graph\":[{\"@type\":\"WebSite\",\"@id\":\"https:\/\/geo-mint-grafik.de\/#website\",\"url\":\"https:\/\/geo-mint-grafik.de\/\",\"name\":\"geo-mint-grafik\",\"description\":\"Der leichtere Weg zur anschaulichen Publikation\",\"potentialAction\":[{\"@type\":\"SearchAction\",\"target\":\"https:\/\/geo-mint-grafik.de\/?s={search_term_string}\",\"query-input\":\"required name=search_term_string\"}],\"inLanguage\":\"de\"},{\"@type\":\"ImageObject\",\"@id\":\"https:\/\/geo-mint-grafik.de\/?page_id=105#primaryimage\",\"inLanguage\":\"de\",\"url\":\"http:\/\/geo-mint-grafik.de\/wp-content\/uploads\/2020\/07\/Kontinente_Flaechen_Bevoelkerung_Bsp.jpg\"},{\"@type\":\"WebPage\",\"@id\":\"https:\/\/geo-mint-grafik.de\/?page_id=105#webpage\",\"url\":\"https:\/\/geo-mint-grafik.de\/?page_id=105\",\"name\":\"Diagramme - geo-mint-grafik\",\"isPartOf\":{\"@id\":\"https:\/\/geo-mint-grafik.de\/#website\"},\"primaryImageOfPage\":{\"@id\":\"https:\/\/geo-mint-grafik.de\/?page_id=105#primaryimage\"},\"datePublished\":\"2020-07-01T09:08:28+00:00\",\"dateModified\":\"2024-04-11T15:53:38+00:00\",\"inLanguage\":\"de\",\"potentialAction\":[{\"@type\":\"ReadAction\",\"target\":[\"https:\/\/geo-mint-grafik.de\/?page_id=105\"]}]}]}<\/script>\n<!-- \/ Yoast SEO plugin. -->","_links":{"self":[{"href":"https:\/\/geo-mint-grafik.de\/index.php?rest_route=\/wp\/v2\/pages\/105","targetHints":{"allow":["GET"]}}],"collection":[{"href":"https:\/\/geo-mint-grafik.de\/index.php?rest_route=\/wp\/v2\/pages"}],"about":[{"href":"https:\/\/geo-mint-grafik.de\/index.php?rest_route=\/wp\/v2\/types\/page"}],"author":[{"embeddable":true,"href":"https:\/\/geo-mint-grafik.de\/index.php?rest_route=\/wp\/v2\/users\/1"}],"replies":[{"embeddable":true,"href":"https:\/\/geo-mint-grafik.de\/index.php?rest_route=%2Fwp%2Fv2%2Fcomments&post=105"}],"version-history":[{"count":12,"href":"https:\/\/geo-mint-grafik.de\/index.php?rest_route=\/wp\/v2\/pages\/105\/revisions"}],"predecessor-version":[{"id":549,"href":"https:\/\/geo-mint-grafik.de\/index.php?rest_route=\/wp\/v2\/pages\/105\/revisions\/549"}],"wp:attachment":[{"href":"https:\/\/geo-mint-grafik.de\/index.php?rest_route=%2Fwp%2Fv2%2Fmedia&parent=105"}],"curies":[{"name":"wp","href":"https:\/\/api.w.org\/{rel}","templated":true}]}}